{"id":2156,"date":"2022-07-20T10:53:06","date_gmt":"2022-07-20T08:53:06","guid":{"rendered":"http:\/\/lasmunsweb.test\/politica-de-privacidad\/"},"modified":"2024-05-16T10:57:46","modified_gmt":"2024-05-16T08:57:46","slug":"politica-de-privacidade","status":"publish","type":"page","link":"https:\/\/lasmuns.com\/pt\/politica-de-privacidade\/","title":{"rendered":"Pol\u00edtica de privacidade"},"content":{"rendered":"<!-- template bcblq-bullets-list --><div class=\"bcblq bcblq-bullets-list\" style=\"margin-top:100px;margin-bottom:100px;\"><div class=\"container-fluid\"><div class=\"container\" ><div class=\"row justify-content-center\"><div class=\"col-20\"><div class=\"bcblq-bullets-list-title\"><h2>Pol\u00edtica de privacidade<\/h2><\/div><\/div><\/div><div class=\"bcblq-bullets-list-wrapper\"><div class=\"bcblq-bullets-list-list\"><div class=\"bcblq-bullets-list-item\"><div class=\"bcblq-bullets-list-item-foto\"><\/div><div class=\"bcblq-bullets-list-item-detalle\"><div class=\"bcblq-bullets-list-item-titulo\"><h3>Prote\u00e7\u00e3o de Dados Pessoais<\/h3><\/div><div class=\"bcblq-bullets-list-item-texto\"><p>De acordo com a legisla\u00e7\u00e3o em vigor sobre prote\u00e7\u00e3o de dados e, em particular, o disposto<br \/>\r\nna Lei 3\/2018, de 5 de dezembro, sobre Prote\u00e7\u00e3o de Dados Pessoais e garantia de direitos<br \/>\r\ndigitais, assim como o Regulamento Geral de Prote\u00e7\u00e3o de Dados (RGPD) (UE) 2016\/679,<br \/>\r\ninformamos que os seus dados pessoais que nos possa enviar por qualquer meio far\u00e3o<br \/>\r\nparte de um arquivo cuja finalidade \u00e9 a gest\u00e3o administrativa e\/ou comercial da empresa.<\/p><\/div><\/div><\/div><div class=\"bcblq-bullets-list-item\"><div class=\"bcblq-bullets-list-item-foto\"><\/div><div class=\"bcblq-bullets-list-item-detalle\"><div class=\"bcblq-bullets-list-item-titulo\"><h3>Procedimentos de acesso, retifica\u00e7\u00e3o, cancelamento, oposi\u00e7\u00e3o, limita\u00e7\u00e3o, portabilidade e direito ao esquecimento<\/h3><\/div><div class=\"bcblq-bullets-list-item-texto\"><p>No que diz respeito aos seus dados pessoais, informamos que tem o direito de acesso,<br \/>\r\nretifica\u00e7\u00e3o, cancelamento, oposi\u00e7\u00e3o, limita\u00e7\u00e3o, portabilidade e direito ao esquecimento,<br \/>\r\npodendo exerc\u00ea-los quer por correio eletr\u00f3nico para o endere\u00e7o muns@lasmuns.com,<br \/>\r\nindicando no assunto: &#8220;Prote\u00e7\u00e3o de Dados&#8221;, ou por correio postal dirigido a: PLACERES<br \/>\r\nMUNS, S.L., C\/ de Sancho de \u00c1vila, 171, 08018 (Barcelona), indicando em qualquer caso a<br \/>\r\nRefer\u00eancia: &#8220;Prote\u00e7\u00e3o de Dados&#8221; e anexando algum documento que prove a sua identidade,<br \/>\r\ncomo uma c\u00f3pia do Bilhete de Identidade.<br \/>\r\n<br \/>\r\nTem o direito de saber em que estado se encontram os seus dados; a que tipo de<br \/>\r\ntratamento est\u00e3o sujeitos; de onde foram obtidos; modific\u00e1-los se considerar que n\u00e3o est\u00e3o<br \/>\r\ncorretos, ou se estando inicialmente corretos, j\u00e1 n\u00e3o refletem a realidade atual por terem<br \/>\r\nsido alterados, ou mesmo cancel\u00e1-los completamente, desde que isso seja permitido pela<br \/>\r\nlegisla\u00e7\u00e3o vigente.<br \/>\r\n<br \/>\r\nPara o exerc\u00edcio dos referidos direitos, o pedido dirigido ao respons\u00e1vel pelo arquivo deve<br \/>\r\nconter os seguintes elementos:<br \/>\r\n<br \/>\r\n&#8211; Nome e apelidos do interessado, anexando fotoc\u00f3pia do Bilhete de Identidade (ou<br \/>\r\nqualquer outro documento legalmente v\u00e1lido que identifique o requerente). No caso de agir<br \/>\r\nem nome de outra pessoa ou pessoa jur\u00eddica, incluir fotoc\u00f3pia do documento que comprove<br \/>\r\ntal representa\u00e7\u00e3o.<br \/>\r\n<br \/>\r\n&#8211; Fundamenta\u00e7\u00e3o do pedido.<br \/>\r\n<br \/>\r\n&#8211; Endere\u00e7o para efeitos de notifica\u00e7\u00e3o.<br \/>\r\n<br \/>\r\n&#8211; Documentos, se aplic\u00e1vel, que comprovem o fundamento do pedido. Para o envio do<br \/>\r\nreferido pedido, deve ser utilizado qualquer meio que demonstre o envio e a rece\u00e7\u00e3o do<br \/>\r\npedido.<\/p><\/div><\/div><\/div><\/div><\/div><\/div><\/div><\/div><!-- \/template bcblq-bullets-list -->","protected":false},"excerpt":{"rendered":"","protected":false},"author":3,"featured_media":0,"parent":0,"menu_order":0,"comment_status":"closed","ping_status":"closed","template":"","meta":{"_acf_changed":false,"inline_featured_image":false,"footnotes":""},"class_list":["post-2156","page","type-page","status-publish","hentry"],"acf":[],"yoast_head":"<!-- This site is optimized with the Yoast SEO plugin v26.3 - https:\/\/yoast.com\/wordpress\/plugins\/seo\/ -->\n<title>Pol\u00edtica de privacidade - Las Muns<\/title>\n<meta name=\"robots\" content=\"index, follow, max-snippet:-1, max-image-preview:large, max-video-preview:-1\" \/>\n<link rel=\"canonical\" href=\"https:\/\/lasmuns.com\/pt\/politica-de-privacidade\/\" \/>\n<meta property=\"og:locale\" content=\"pt_PT\" \/>\n<meta property=\"og:type\" content=\"article\" \/>\n<meta property=\"og:title\" content=\"Pol\u00edtica de privacidade - Las Muns\" \/>\n<meta property=\"og:url\" content=\"https:\/\/lasmuns.com\/pt\/politica-de-privacidade\/\" \/>\n<meta property=\"og:site_name\" content=\"Las Muns\" \/>\n<meta property=\"article:modified_time\" content=\"2024-05-16T08:57:46+00:00\" \/>\n<meta name=\"twitter:card\" content=\"summary_large_image\" \/>\n<script type=\"application\/ld+json\" class=\"yoast-schema-graph\">{\"@context\":\"https:\/\/schema.org\",\"@graph\":[{\"@type\":\"WebPage\",\"@id\":\"https:\/\/lasmuns.com\/pt\/politica-de-privacidade\/\",\"url\":\"https:\/\/lasmuns.com\/pt\/politica-de-privacidade\/\",\"name\":\"Pol\u00edtica de privacidade - Las Muns\",\"isPartOf\":{\"@id\":\"https:\/\/lasmuns.com\/pt\/#website\"},\"datePublished\":\"2022-07-20T08:53:06+00:00\",\"dateModified\":\"2024-05-16T08:57:46+00:00\",\"breadcrumb\":{\"@id\":\"https:\/\/lasmuns.com\/pt\/politica-de-privacidade\/#breadcrumb\"},\"inLanguage\":\"pt\",\"potentialAction\":[{\"@type\":\"ReadAction\",\"target\":[\"https:\/\/lasmuns.com\/pt\/politica-de-privacidade\/\"]}]},{\"@type\":\"BreadcrumbList\",\"@id\":\"https:\/\/lasmuns.com\/pt\/politica-de-privacidade\/#breadcrumb\",\"itemListElement\":[{\"@type\":\"ListItem\",\"position\":1,\"name\":\"Portada\",\"item\":\"https:\/\/lasmuns.com\/pt\/\"},{\"@type\":\"ListItem\",\"position\":2,\"name\":\"Pol\u00edtica de privacidade\"}]},{\"@type\":\"WebSite\",\"@id\":\"https:\/\/lasmuns.com\/pt\/#website\",\"url\":\"https:\/\/lasmuns.com\/pt\/\",\"name\":\"Las Muns\",\"description\":\"The &#039;Heart-Made&#039; Empanada\",\"publisher\":{\"@id\":\"https:\/\/lasmuns.com\/pt\/#organization\"},\"potentialAction\":[{\"@type\":\"SearchAction\",\"target\":{\"@type\":\"EntryPoint\",\"urlTemplate\":\"https:\/\/lasmuns.com\/pt\/?s={search_term_string}\"},\"query-input\":{\"@type\":\"PropertyValueSpecification\",\"valueRequired\":true,\"valueName\":\"search_term_string\"}}],\"inLanguage\":\"pt\"},{\"@type\":\"Organization\",\"@id\":\"https:\/\/lasmuns.com\/pt\/#organization\",\"name\":\"Las Muns\",\"url\":\"https:\/\/lasmuns.com\/pt\/\",\"logo\":{\"@type\":\"ImageObject\",\"inLanguage\":\"pt\",\"@id\":\"https:\/\/lasmuns.com\/pt\/#\/schema\/logo\/image\/\",\"url\":\"https:\/\/lasmuns.com\/wp-content\/uploads\/2022\/06\/isologo-slogan2.svg\",\"contentUrl\":\"https:\/\/lasmuns.com\/wp-content\/uploads\/2022\/06\/isologo-slogan2.svg\",\"width\":\"1024\",\"height\":\"1024\",\"caption\":\"Las Muns\"},\"image\":{\"@id\":\"https:\/\/lasmuns.com\/pt\/#\/schema\/logo\/image\/\"},\"sameAs\":[\"https:\/\/www.instagram.com\/lasmuns\"]}]}<\/script>\n<!-- \/ Yoast SEO plugin. -->","yoast_head_json":{"title":"Pol\u00edtica de privacidade - Las Muns","robots":{"index":"index","follow":"follow","max-snippet":"max-snippet:-1","max-image-preview":"max-image-preview:large","max-video-preview":"max-video-preview:-1"},"canonical":"https:\/\/lasmuns.com\/pt\/politica-de-privacidade\/","og_locale":"pt_PT","og_type":"article","og_title":"Pol\u00edtica de privacidade - Las Muns","og_url":"https:\/\/lasmuns.com\/pt\/politica-de-privacidade\/","og_site_name":"Las Muns","article_modified_time":"2024-05-16T08:57:46+00:00","twitter_card":"summary_large_image","schema":{"@context":"https:\/\/schema.org","@graph":[{"@type":"WebPage","@id":"https:\/\/lasmuns.com\/pt\/politica-de-privacidade\/","url":"https:\/\/lasmuns.com\/pt\/politica-de-privacidade\/","name":"Pol\u00edtica de privacidade - Las Muns","isPartOf":{"@id":"https:\/\/lasmuns.com\/pt\/#website"},"datePublished":"2022-07-20T08:53:06+00:00","dateModified":"2024-05-16T08:57:46+00:00","breadcrumb":{"@id":"https:\/\/lasmuns.com\/pt\/politica-de-privacidade\/#breadcrumb"},"inLanguage":"pt","potentialAction":[{"@type":"ReadAction","target":["https:\/\/lasmuns.com\/pt\/politica-de-privacidade\/"]}]},{"@type":"BreadcrumbList","@id":"https:\/\/lasmuns.com\/pt\/politica-de-privacidade\/#breadcrumb","itemListElement":[{"@type":"ListItem","position":1,"name":"Portada","item":"https:\/\/lasmuns.com\/pt\/"},{"@type":"ListItem","position":2,"name":"Pol\u00edtica de privacidade"}]},{"@type":"WebSite","@id":"https:\/\/lasmuns.com\/pt\/#website","url":"https:\/\/lasmuns.com\/pt\/","name":"Las Muns","description":"The &#039;Heart-Made&#039; Empanada","publisher":{"@id":"https:\/\/lasmuns.com\/pt\/#organization"},"potentialAction":[{"@type":"SearchAction","target":{"@type":"EntryPoint","urlTemplate":"https:\/\/lasmuns.com\/pt\/?s={search_term_string}"},"query-input":{"@type":"PropertyValueSpecification","valueRequired":true,"valueName":"search_term_string"}}],"inLanguage":"pt"},{"@type":"Organization","@id":"https:\/\/lasmuns.com\/pt\/#organization","name":"Las Muns","url":"https:\/\/lasmuns.com\/pt\/","logo":{"@type":"ImageObject","inLanguage":"pt","@id":"https:\/\/lasmuns.com\/pt\/#\/schema\/logo\/image\/","url":"https:\/\/lasmuns.com\/wp-content\/uploads\/2022\/06\/isologo-slogan2.svg","contentUrl":"https:\/\/lasmuns.com\/wp-content\/uploads\/2022\/06\/isologo-slogan2.svg","width":"1024","height":"1024","caption":"Las Muns"},"image":{"@id":"https:\/\/lasmuns.com\/pt\/#\/schema\/logo\/image\/"},"sameAs":["https:\/\/www.instagram.com\/lasmuns"]}]}},"_links":{"self":[{"href":"https:\/\/lasmuns.com\/pt\/wp-json\/wp\/v2\/pages\/2156","targetHints":{"allow":["GET"]}}],"collection":[{"href":"https:\/\/lasmuns.com\/pt\/wp-json\/wp\/v2\/pages"}],"about":[{"href":"https:\/\/lasmuns.com\/pt\/wp-json\/wp\/v2\/types\/page"}],"author":[{"embeddable":true,"href":"https:\/\/lasmuns.com\/pt\/wp-json\/wp\/v2\/users\/3"}],"replies":[{"embeddable":true,"href":"https:\/\/lasmuns.com\/pt\/wp-json\/wp\/v2\/comments?post=2156"}],"version-history":[{"count":7,"href":"https:\/\/lasmuns.com\/pt\/wp-json\/wp\/v2\/pages\/2156\/revisions"}],"predecessor-version":[{"id":4352,"href":"https:\/\/lasmuns.com\/pt\/wp-json\/wp\/v2\/pages\/2156\/revisions\/4352"}],"wp:attachment":[{"href":"https:\/\/lasmuns.com\/pt\/wp-json\/wp\/v2\/media?parent=2156"}],"curies":[{"name":"wp","href":"https:\/\/api.w.org\/{rel}","templated":true}]}}