{"id":2154,"date":"2022-06-17T02:28:02","date_gmt":"2022-06-17T00:28:02","guid":{"rendered":"http:\/\/lasmunsweb.test\/politicas-de-cookies\/"},"modified":"2024-05-16T11:01:29","modified_gmt":"2024-05-16T09:01:29","slug":"politicas-de-cookies","status":"publish","type":"page","link":"https:\/\/lasmuns.com\/pt\/politicas-de-cookies\/","title":{"rendered":"Pol\u00edticas de cookies"},"content":{"rendered":"<!-- template bcblq-half-image-text --><div class=\"bcblq bcblq-half-image-text   contenedor__box\" >\t\t<div class=\"container\" style=\"background-color:transparent\"><div class=\"row bcblq-opc--imagen-derecha\"><div class=\"col bcblq-half-image-text-cont-texto\"><div class=\"bcblq-half-image-text-contenido\"><h2 class=\"bcblq-half-image-text-titulo\">Pol\u00edtica de Cookies<\/h2><div class=\"bcblq-half-image-text-texto\">O endere\u00e7o do nosso website \u00e9: lasmuns.com\/pt<br \/>\r\n<br \/>\r\n<b>Coment\u00e1rios<\/b><br \/>\r\nQuando deixas coment\u00e1rios no nosso website, recolhemos os dados que inseres no<br \/>\r\nformul\u00e1rio de coment\u00e1rios, bem como o teu endere\u00e7o IP e a string do teu agente de<br \/>\r\nutilizador do navegador, para ajudar na dete\u00e7\u00e3o de spam.<br \/>\r\n<br \/>\r\nUma string an\u00f3nima criada a partir do teu endere\u00e7o de email (tamb\u00e9m chamada de hash)<br \/>\r\npode ser fornecida ao servi\u00e7o Gravatar para ver se o est\u00e1s a utilizar. A pol\u00edtica de<br \/>\r\nprivacidade do servi\u00e7o Gravatar est\u00e1 dispon\u00edvel em https:\/\/automattic.com\/privacy\/. Ap\u00f3s a<br \/>\r\naprova\u00e7\u00e3o do teu coment\u00e1rio, a imagem do teu perfil ser\u00e1 vis\u00edvel para o p\u00fablico no contexto<br \/>\r\ndo teu coment\u00e1rio.<br \/>\r\n<br \/>\r\n<b>Multim\u00e9dia<\/b><br \/>\r\nSe carregares imagens para o website, deves evitar carregar imagens com dados de<br \/>\r\nlocaliza\u00e7\u00e3o (GPS EXIF) inclu\u00eddos. Os visitantes do website podem descarregar e extrair<br \/>\r\nquaisquer dados de localiza\u00e7\u00e3o das imagens do website.<br \/>\r\n<br \/>\r\n<b>Cookies<\/b><br \/>\r\nSe deixares um coment\u00e1rio no nosso site, podes optar por guardar o teu nome, endere\u00e7o de<br \/>\r\nemail e site em cookies. Estes s\u00e3o para a tua conveni\u00eancia para que n\u00e3o tenhas de voltar a<br \/>\r\ninserir os teus dados quando deixares outro coment\u00e1rio. Estas cookies durar\u00e3o um ano.<br \/>\r\n<br \/>\r\nSe tiveres uma conta e inicias sess\u00e3o neste site, iremos definir um cookie tempor\u00e1rio para<br \/>\r\ndeterminar se o teu navegador aceita cookies. Este cookie n\u00e3o cont\u00e9m dados pessoais e \u00e9<br \/>\r\ndescartado ao fechares o navegador.<br \/>\r\n<br \/>\r\nQuando inicias sess\u00e3o, tamb\u00e9m configuramos v\u00e1rias cookies para guardar a tua informa\u00e7\u00e3o<br \/>\r\nde in\u00edcio de sess\u00e3o e as tuas op\u00e7\u00f5es de visualiza\u00e7\u00e3o em ecr\u00e3. As cookies de in\u00edcio de<br \/>\r\nsess\u00e3o duram dois dias e as cookies de op\u00e7\u00f5es de ecr\u00e3 duram um ano. Se selecionares<br \/>\r\n&#8220;Lembrar-me&#8221;, a tua sess\u00e3o ir\u00e1 persistir durante duas semanas. Se sa\u00edres da tua conta, as<br \/>\r\ncookies de in\u00edcio de sess\u00e3o ser\u00e3o removidas.<br \/>\r\n<br \/>\r\nSe editares ou publicares um artigo, ser\u00e1 guardada uma cookie adicional no teu navegador.<br \/>\r\nEsta cookie n\u00e3o inclui dados pessoais e apenas indica o ID de publica\u00e7\u00e3o do artigo que<br \/>\r\nacabaste de editar. Expira ap\u00f3s 1 dia.<br \/>\r\n<br \/>\r\n<b>Conte\u00fado incorporado de outros websites<\/b><br \/>\r\nOs artigos neste site podem incluir conte\u00fado incorporado (por exemplo, v\u00eddeos, imagens,<br \/>\r\nartigos, etc.). O conte\u00fado incorporado de outros sites comporta-se da mesma forma como<br \/>\r\nse o visitante tivesse visitado o outro site.<br \/>\r\n<br \/>\r\nEstes sites podem recolher os teus dados, utilizar cookies, incorporar um sistema de<br \/>\r\nrastreio de terceiros e monitorizar a tua intera\u00e7\u00e3o com esse conte\u00fado incorporado, incluindo<br \/>\r\no rastreio da tua intera\u00e7\u00e3o com o conte\u00fado incorporado se tiveres uma conta e estiveres<br \/>\r\nligado a esse site.<br \/>\r\n<br \/>\r\n<b>Com quem partilhamos os teus dados<\/b><br \/>\r\nSe solicitares uma reposi\u00e7\u00e3o de senha, o teu endere\u00e7o IP ser\u00e1 inclu\u00eddo no email de<br \/>\r\nreposi\u00e7\u00e3o.<br \/>\r\n<br \/>\r\n<b>Por quanto tempo mantemos os teus dados<\/b><br \/>\r\nSe deixares um coment\u00e1rio, o coment\u00e1rio e os seus metadados ser\u00e3o mantidos<br \/>\r\nindefinidamente. Isto \u00e9 para que possamos reconhecer e aprovar automaticamente<br \/>\r\nquaisquer coment\u00e1rios de seguimento em vez de os mantermos numa fila de modera\u00e7\u00e3o.<br \/>\r\n<br \/>\r\nPara os utilizadores que se registam no nosso website (se aplic\u00e1vel), tamb\u00e9m<br \/>\r\narmazenamos as informa\u00e7\u00f5es pessoais que fornecem nos seus perfis de utilizador. Todos<br \/>\r\nos utilizadores podem ver, editar ou eliminar as suas informa\u00e7\u00f5es pessoais a qualquer<br \/>\r\nmomento (exceto que n\u00e3o podem alterar o seu nome de utilizador). Os administradores do<br \/>\r\nwebsite tamb\u00e9m podem ver e editar essa informa\u00e7\u00e3o.<br \/>\r\n<br \/>\r\n<b>Quais s\u00e3o os teus direitos sobre os teus dados<\/b><br \/>\r\nSe tiveres uma conta neste site ou deixaste coment\u00e1rios, podes solicitar um ficheiro<br \/>\r\nexportado dos teus dados pessoais que temos, incluindo os dados que nos forneces.<br \/>\r\nTamb\u00e9m podes solicitar que eliminemos quaisquer dados pessoais teus que tenhamos. Isto<br \/>\r\nn\u00e3o inclui dados que somos obrigados a manter para fins administrativos, legais ou de<br \/>\r\nseguran\u00e7a.<br \/>\r\n<br \/>\r\n<b>Onde enviamos os teus dados<\/b><br \/>\r\nOs coment\u00e1rios dos visitantes podem ser verificados atrav\u00e9s de um servi\u00e7o autom\u00e1tico de<br \/>\r\ndete\u00e7\u00e3o de spam.<\/div><\/div><\/div><\/div><\/div><\/div><!-- \/template -->","protected":false},"excerpt":{"rendered":"","protected":false},"author":3,"featured_media":0,"parent":0,"menu_order":0,"comment_status":"closed","ping_status":"closed","template":"","meta":{"_acf_changed":false,"inline_featured_image":false,"footnotes":""},"class_list":["post-2154","page","type-page","status-publish","hentry"],"acf":[],"yoast_head":"<!-- This site is optimized with the Yoast SEO plugin v26.3 - https:\/\/yoast.com\/wordpress\/plugins\/seo\/ -->\n<title>Pol\u00edticas de cookies - Las Muns<\/title>\n<meta name=\"robots\" content=\"index, follow, max-snippet:-1, max-image-preview:large, max-video-preview:-1\" \/>\n<link rel=\"canonical\" href=\"https:\/\/lasmuns.com\/pt\/politicas-de-cookies\/\" \/>\n<meta property=\"og:locale\" content=\"pt_PT\" \/>\n<meta property=\"og:type\" content=\"article\" \/>\n<meta property=\"og:title\" content=\"Pol\u00edticas de cookies - Las Muns\" \/>\n<meta property=\"og:url\" content=\"https:\/\/lasmuns.com\/pt\/politicas-de-cookies\/\" \/>\n<meta property=\"og:site_name\" content=\"Las Muns\" \/>\n<meta property=\"article:modified_time\" content=\"2024-05-16T09:01:29+00:00\" \/>\n<meta name=\"twitter:card\" content=\"summary_large_image\" \/>\n<script type=\"application\/ld+json\" class=\"yoast-schema-graph\">{\"@context\":\"https:\/\/schema.org\",\"@graph\":[{\"@type\":\"WebPage\",\"@id\":\"https:\/\/lasmuns.com\/pt\/politicas-de-cookies\/\",\"url\":\"https:\/\/lasmuns.com\/pt\/politicas-de-cookies\/\",\"name\":\"Pol\u00edticas de cookies - Las Muns\",\"isPartOf\":{\"@id\":\"https:\/\/lasmuns.com\/pt\/#website\"},\"datePublished\":\"2022-06-17T00:28:02+00:00\",\"dateModified\":\"2024-05-16T09:01:29+00:00\",\"breadcrumb\":{\"@id\":\"https:\/\/lasmuns.com\/pt\/politicas-de-cookies\/#breadcrumb\"},\"inLanguage\":\"pt\",\"potentialAction\":[{\"@type\":\"ReadAction\",\"target\":[\"https:\/\/lasmuns.com\/pt\/politicas-de-cookies\/\"]}]},{\"@type\":\"BreadcrumbList\",\"@id\":\"https:\/\/lasmuns.com\/pt\/politicas-de-cookies\/#breadcrumb\",\"itemListElement\":[{\"@type\":\"ListItem\",\"position\":1,\"name\":\"Portada\",\"item\":\"https:\/\/lasmuns.com\/pt\/\"},{\"@type\":\"ListItem\",\"position\":2,\"name\":\"Pol\u00edticas de cookies\"}]},{\"@type\":\"WebSite\",\"@id\":\"https:\/\/lasmuns.com\/pt\/#website\",\"url\":\"https:\/\/lasmuns.com\/pt\/\",\"name\":\"Las Muns\",\"description\":\"The &#039;Heart-Made&#039; Empanada\",\"publisher\":{\"@id\":\"https:\/\/lasmuns.com\/pt\/#organization\"},\"potentialAction\":[{\"@type\":\"SearchAction\",\"target\":{\"@type\":\"EntryPoint\",\"urlTemplate\":\"https:\/\/lasmuns.com\/pt\/?s={search_term_string}\"},\"query-input\":{\"@type\":\"PropertyValueSpecification\",\"valueRequired\":true,\"valueName\":\"search_term_string\"}}],\"inLanguage\":\"pt\"},{\"@type\":\"Organization\",\"@id\":\"https:\/\/lasmuns.com\/pt\/#organization\",\"name\":\"Las Muns\",\"url\":\"https:\/\/lasmuns.com\/pt\/\",\"logo\":{\"@type\":\"ImageObject\",\"inLanguage\":\"pt\",\"@id\":\"https:\/\/lasmuns.com\/pt\/#\/schema\/logo\/image\/\",\"url\":\"https:\/\/lasmuns.com\/wp-content\/uploads\/2022\/06\/isologo-slogan2.svg\",\"contentUrl\":\"https:\/\/lasmuns.com\/wp-content\/uploads\/2022\/06\/isologo-slogan2.svg\",\"width\":\"1024\",\"height\":\"1024\",\"caption\":\"Las Muns\"},\"image\":{\"@id\":\"https:\/\/lasmuns.com\/pt\/#\/schema\/logo\/image\/\"},\"sameAs\":[\"https:\/\/www.instagram.com\/lasmuns\"]}]}<\/script>\n<!-- \/ Yoast SEO plugin. -->","yoast_head_json":{"title":"Pol\u00edticas de cookies - Las Muns","robots":{"index":"index","follow":"follow","max-snippet":"max-snippet:-1","max-image-preview":"max-image-preview:large","max-video-preview":"max-video-preview:-1"},"canonical":"https:\/\/lasmuns.com\/pt\/politicas-de-cookies\/","og_locale":"pt_PT","og_type":"article","og_title":"Pol\u00edticas de cookies - Las Muns","og_url":"https:\/\/lasmuns.com\/pt\/politicas-de-cookies\/","og_site_name":"Las Muns","article_modified_time":"2024-05-16T09:01:29+00:00","twitter_card":"summary_large_image","schema":{"@context":"https:\/\/schema.org","@graph":[{"@type":"WebPage","@id":"https:\/\/lasmuns.com\/pt\/politicas-de-cookies\/","url":"https:\/\/lasmuns.com\/pt\/politicas-de-cookies\/","name":"Pol\u00edticas de cookies - Las Muns","isPartOf":{"@id":"https:\/\/lasmuns.com\/pt\/#website"},"datePublished":"2022-06-17T00:28:02+00:00","dateModified":"2024-05-16T09:01:29+00:00","breadcrumb":{"@id":"https:\/\/lasmuns.com\/pt\/politicas-de-cookies\/#breadcrumb"},"inLanguage":"pt","potentialAction":[{"@type":"ReadAction","target":["https:\/\/lasmuns.com\/pt\/politicas-de-cookies\/"]}]},{"@type":"BreadcrumbList","@id":"https:\/\/lasmuns.com\/pt\/politicas-de-cookies\/#breadcrumb","itemListElement":[{"@type":"ListItem","position":1,"name":"Portada","item":"https:\/\/lasmuns.com\/pt\/"},{"@type":"ListItem","position":2,"name":"Pol\u00edticas de cookies"}]},{"@type":"WebSite","@id":"https:\/\/lasmuns.com\/pt\/#website","url":"https:\/\/lasmuns.com\/pt\/","name":"Las Muns","description":"The &#039;Heart-Made&#039; Empanada","publisher":{"@id":"https:\/\/lasmuns.com\/pt\/#organization"},"potentialAction":[{"@type":"SearchAction","target":{"@type":"EntryPoint","urlTemplate":"https:\/\/lasmuns.com\/pt\/?s={search_term_string}"},"query-input":{"@type":"PropertyValueSpecification","valueRequired":true,"valueName":"search_term_string"}}],"inLanguage":"pt"},{"@type":"Organization","@id":"https:\/\/lasmuns.com\/pt\/#organization","name":"Las Muns","url":"https:\/\/lasmuns.com\/pt\/","logo":{"@type":"ImageObject","inLanguage":"pt","@id":"https:\/\/lasmuns.com\/pt\/#\/schema\/logo\/image\/","url":"https:\/\/lasmuns.com\/wp-content\/uploads\/2022\/06\/isologo-slogan2.svg","contentUrl":"https:\/\/lasmuns.com\/wp-content\/uploads\/2022\/06\/isologo-slogan2.svg","width":"1024","height":"1024","caption":"Las Muns"},"image":{"@id":"https:\/\/lasmuns.com\/pt\/#\/schema\/logo\/image\/"},"sameAs":["https:\/\/www.instagram.com\/lasmuns"]}]}},"_links":{"self":[{"href":"https:\/\/lasmuns.com\/pt\/wp-json\/wp\/v2\/pages\/2154","targetHints":{"allow":["GET"]}}],"collection":[{"href":"https:\/\/lasmuns.com\/pt\/wp-json\/wp\/v2\/pages"}],"about":[{"href":"https:\/\/lasmuns.com\/pt\/wp-json\/wp\/v2\/types\/page"}],"author":[{"embeddable":true,"href":"https:\/\/lasmuns.com\/pt\/wp-json\/wp\/v2\/users\/3"}],"replies":[{"embeddable":true,"href":"https:\/\/lasmuns.com\/pt\/wp-json\/wp\/v2\/comments?post=2154"}],"version-history":[{"count":5,"href":"https:\/\/lasmuns.com\/pt\/wp-json\/wp\/v2\/pages\/2154\/revisions"}],"predecessor-version":[{"id":4355,"href":"https:\/\/lasmuns.com\/pt\/wp-json\/wp\/v2\/pages\/2154\/revisions\/4355"}],"wp:attachment":[{"href":"https:\/\/lasmuns.com\/pt\/wp-json\/wp\/v2\/media?parent=2154"}],"curies":[{"name":"wp","href":"https:\/\/api.w.org\/{rel}","templated":true}]}}