{"id":2149,"date":"2022-05-20T20:52:28","date_gmt":"2022-05-20T18:52:28","guid":{"rendered":"http:\/\/lasmunsweb.test\/quienes-somos\/"},"modified":"2024-05-16T10:18:47","modified_gmt":"2024-05-16T08:18:47","slug":"quem-somos","status":"publish","type":"page","link":"https:\/\/lasmuns.com\/pt\/quem-somos\/","title":{"rendered":"Sobre n\u00f3s"},"content":{"rendered":"<!-- template --><div class=\"bcblq bcblq-full-image-text bcblq-opc--izquierda\" style=\"margin-top:50px;margin-bottom:50px;\"><div class=\"container-fluid\" style=\"background-image:url(https:\/\/lasmuns.com\/wp-content\/uploads\/2022\/07\/Fotos_Background2.png)\"><div class=\"row\"><div class=\"col\"><div class=\"bcblq-full-image-text-imagen\" ><div class=\"bcblq-full-image-text-caja\" style=\"background-color:#FFF;\"><h2 style=\"color:primary: Primario;\">Ol\u00e1! Somos a Las Muns, <\/h2><p style=\"color:primary: Primario;\">empanadas de autor feitas com o cora\u00e7\u00e3o.<\/p><\/div><\/div><\/div><\/div><\/div><\/div><!-- \/template -->\n\n<!-- template bcblq-half-image-text --><div class=\"bcblq bcblq-half-image-text   contenedor__full-width with-custom-margins usa-fondo\" style=\"margin-top:100px;margin-bottom:50px;\"><div class=\"container-fluid\" style=\"background-color:#FFFFFF\"><div class=\"row bcblq-opc--imagen-izquierda\"><div class=\"col-20 col-md-12 bcblq-half-image-text-cont-imagen\"><div class=\"bcblq-half-image-text-borde\" style=\"background-color:#F3F2EF!important\"><\/div><a class=\"open-modal video-modal\"><div class=\"video-player\" data-id=\"video-player-block_62b316a3e0153\" data-video-id=\"57l_HauDDlk\"><\/div><span class=\"icon-play\"><svg width=\"47\" height=\"51\" viewBox=\"0 0 47 51\" fill=\"none\" xmlns=\"http:\/\/www.w3.org\/2000\/svg\">\n<path d=\"M8.56521 47.3432C6.52933 48.5467 3.95703 47.0791 3.95703 44.7142V6.37543C3.95703 4.05072 6.45096 2.57836 8.48643 3.70137L42.0328 22.2097C44.1022 23.3515 44.1462 26.3101 42.1116 27.5128L8.56521 47.3432Z\" stroke=\"white\" stroke-width=\"6.10811\"\/>\n<\/svg>\n<\/span><figure class=\"bcblq-half-image-text-imagen\"><img loading=\"lazy\" decoding=\"async\" width=\"718\" height=\"508\" src=\"https:\/\/lasmuns.com\/wp-content\/uploads\/2022\/06\/everyone-1-5.png\" class=\"attachment-large size-large\" alt=\"las muns comida para llevar empanadas de colores take away hechas a mano\" srcset=\"https:\/\/lasmuns.com\/wp-content\/uploads\/2022\/06\/everyone-1-5.png 718w, https:\/\/lasmuns.com\/wp-content\/uploads\/2022\/06\/everyone-1-5-300x212.png 300w\" sizes=\"auto, (max-width: 718px) 100vw, 718px\" \/><\/figure><\/a><\/div><div class=\"col bcblq-half-image-text-cont-texto\"><div class=\"bcblq-half-image-text-contenido\"><div class=\"bcblq-half-image-text-titulo_decorativo\">HEART-MADE<\/div><h2 class=\"bcblq-half-image-text-titulo\">Feitas \u00e0 m\u00e3o, uma a uma<\/h2><div class=\"bcblq-half-image-text-texto\">Sabias que todas as nossas empanadas s\u00e3o fechadas \u00e0 m\u00e3o? Investimos muito tempo e amor na prepara\u00e7\u00e3o de cada uma delas. N\u00e3o adicionamos conservantes ou aditivos. Usamos corantes 100% naturais e azeite. Al\u00e9m disso, gra\u00e7as \u00e0 qualidade dos nossos ingredientes, as muns n\u00e3o s\u00f3 s\u00e3o deliciosas, mas tamb\u00e9m saud\u00e1veis.<\/div><a class=\"btn btn-success bcblq-half-image-text-etiqueta\" href=\"https:\/\/lasmuns.com\/pt\/carta\/empanadas-pt\/\">Ver menu<\/a><\/div><\/div><\/div><\/div><\/div><!-- \/template -->\n\n<!-- template bcblq-half-image-text --><div class=\"bcblq bcblq-half-image-text   contenedor__full-width with-custom-margins usa-fondo\" style=\"margin-top:100px;margin-bottom:100px;\"><div class=\"container-fluid\" style=\"background-color:#FFFFFF\"><div class=\"row bcblq-opc--imagen-derecha\"><div class=\"col-20 col-md-12 bcblq-half-image-text-cont-imagen\"><div class=\"bcblq-half-image-text-borde\" style=\"background-color:#9e7d7d!important\"><\/div><a href=\"https:\/\/lasmuns.com\/pt\/carta\/packs-pt\/\"><figure class=\"bcblq-half-image-text-imagen\"><img loading=\"lazy\" decoding=\"async\" width=\"1024\" height=\"683\" src=\"https:\/\/lasmuns.com\/wp-content\/uploads\/2024\/01\/IMG_7158-1024x683.jpg\" class=\"attachment-large size-large\" alt=\"\" srcset=\"https:\/\/lasmuns.com\/wp-content\/uploads\/2024\/01\/IMG_7158-1024x683.jpg 1024w, https:\/\/lasmuns.com\/wp-content\/uploads\/2024\/01\/IMG_7158-300x200.jpg 300w, https:\/\/lasmuns.com\/wp-content\/uploads\/2024\/01\/IMG_7158-768x512.jpg 768w, https:\/\/lasmuns.com\/wp-content\/uploads\/2024\/01\/IMG_7158.jpg 1200w\" sizes=\"auto, (max-width: 1024px) 100vw, 1024px\" \/><\/figure><\/a><\/div><div class=\"col bcblq-half-image-text-cont-texto\"><div class=\"bcblq-half-image-text-contenido\"><div class=\"bcblq-half-image-text-titulo_decorativo\">EVERYONE<\/div><h2 class=\"bcblq-half-image-text-titulo\">Perfeitas para partilhar<\/h2><div class=\"bcblq-half-image-text-texto\">Temos empanadas para todos os gostos! A nossa enorme variedade de muns \u00e9 ideal para partilhar com quem quiseres.<br \/>\r\n<\/div><a class=\"btn btn-success bcblq-half-image-text-etiqueta\" href=\"https:\/\/lasmuns.com\/pt\/carta\/packs-pt\/\">Veja os packs<\/a><\/div><\/div><\/div><\/div><\/div><!-- \/template -->\n\n<!-- template bcblq-half-image-text --><div class=\"bcblq bcblq-half-image-text   contenedor__full-width with-custom-margins usa-fondo\" style=\"margin-top:100px;margin-bottom:50px;\"><div class=\"container-fluid\" style=\"background-color:#FFFFFF\"><div class=\"row bcblq-opc--imagen-izquierda\"><div class=\"col-20 col-md-12 bcblq-half-image-text-cont-imagen\"><div class=\"bcblq-half-image-text-borde\" style=\"background-color:#F3F2EF!important\"><\/div><a href=\"https:\/\/pedidos.lasmuns.com\/\"><figure class=\"bcblq-half-image-text-imagen\"><img loading=\"lazy\" decoding=\"async\" width=\"1024\" height=\"683\" src=\"https:\/\/lasmuns.com\/wp-content\/uploads\/2022\/07\/Muns9469-1-1024x683.png\" class=\"attachment-large size-large\" alt=\"las muns comida para llevar empanadas de colores take away pollo al curry\" srcset=\"https:\/\/lasmuns.com\/wp-content\/uploads\/2022\/07\/Muns9469-1-1024x683.png 1024w, https:\/\/lasmuns.com\/wp-content\/uploads\/2022\/07\/Muns9469-1-300x200.png 300w, https:\/\/lasmuns.com\/wp-content\/uploads\/2022\/07\/Muns9469-1-768x512.png 768w, https:\/\/lasmuns.com\/wp-content\/uploads\/2022\/07\/Muns9469-1.png 1119w\" sizes=\"auto, (max-width: 1024px) 100vw, 1024px\" \/><\/figure><\/a><\/div><div class=\"col bcblq-half-image-text-cont-texto\"><div class=\"bcblq-half-image-text-contenido\"><div class=\"bcblq-half-image-text-titulo_decorativo\">REALFOOD<\/div><h2 class=\"bcblq-half-image-text-titulo\">Ingredientes nutritivos e saud\u00e1veis<\/h2><div class=\"bcblq-half-image-text-texto\">Os deliciosos ingredientes das muns s\u00e3o cuidadosamente selecionados pelo nosso Chef Diego. A nossa filosofia \u00e9 simples: trabalhar com fornecedores de qualidade e que partilham os nossos valores. Oferecemos &#8220;Real Food&#8221; e queremos que saibas o que est\u00e1 a comer.<br \/>\r\n<\/div><a class=\"btn btn-success bcblq-half-image-text-etiqueta\" href=\"https:\/\/pedidos.lasmuns.com\/\">Comprar muns<\/a><\/div><\/div><\/div><\/div><\/div><!-- \/template -->\n\n<!-- template bcblq-masonry-gallery --><div class=\"bcblq bcblq-masonry-gallery\" ><div class=\"container-fluid\"><div class=\"container\"><div class=\"bcblq-masonry-gallery-list-wrapper\"><div class=\"bcblq-masonry-gallery-list\"><div class=\"bcblq-masonry-gallery-item\"><a href=\"https:\/\/www.instagram.com\/p\/B0VXXFvoJgx\/?hl=es\"><div class=\"bcblq-masonry-gallery-item-foto\"><img loading=\"lazy\" decoding=\"async\" width=\"300\" height=\"298\" src=\"https:\/\/lasmuns.com\/wp-content\/uploads\/2022\/06\/b40b983a59a5481817abd2ef4fdc9e4c-300x298.png\" class=\"attachment-medium size-medium\" alt=\"Un merecido descanso las muns comida para llevar empanadas de colores take away business aire libre\" srcset=\"https:\/\/lasmuns.com\/wp-content\/uploads\/2022\/06\/b40b983a59a5481817abd2ef4fdc9e4c-300x298.png 300w, https:\/\/lasmuns.com\/wp-content\/uploads\/2022\/06\/b40b983a59a5481817abd2ef4fdc9e4c-1024x1019.png 1024w, https:\/\/lasmuns.com\/wp-content\/uploads\/2022\/06\/b40b983a59a5481817abd2ef4fdc9e4c-150x150.png 150w, https:\/\/lasmuns.com\/wp-content\/uploads\/2022\/06\/b40b983a59a5481817abd2ef4fdc9e4c-768x764.png 768w, https:\/\/lasmuns.com\/wp-content\/uploads\/2022\/06\/b40b983a59a5481817abd2ef4fdc9e4c.png 1194w\" sizes=\"auto, (max-width: 300px) 100vw, 300px\" \/><\/div><div class=\"bcblq-masonry-gallery-item-epigrafe\"><h5>Um descanso merecido<\/h5><\/div><\/a><\/div><div class=\"bcblq-masonry-gallery-item\"><a href=\"https:\/\/www.instagram.com\/p\/BzPzq4sovOp\/?hl=es\"><div class=\"bcblq-masonry-gallery-item-foto\"><img loading=\"lazy\" decoding=\"async\" width=\"300\" height=\"300\" src=\"https:\/\/lasmuns.com\/wp-content\/uploads\/2022\/06\/488ac8bc76644c1ff4167738a1c55821-300x300.png\" class=\"attachment-medium size-medium\" alt=\"las muns comida para llevar empanadas de colores take away picnic aire libre amigos\" srcset=\"https:\/\/lasmuns.com\/wp-content\/uploads\/2022\/06\/488ac8bc76644c1ff4167738a1c55821-300x300.png 300w, https:\/\/lasmuns.com\/wp-content\/uploads\/2022\/06\/488ac8bc76644c1ff4167738a1c55821-1024x1024.png 1024w, https:\/\/lasmuns.com\/wp-content\/uploads\/2022\/06\/488ac8bc76644c1ff4167738a1c55821-150x150.png 150w, https:\/\/lasmuns.com\/wp-content\/uploads\/2022\/06\/488ac8bc76644c1ff4167738a1c55821-768x768.png 768w, https:\/\/lasmuns.com\/wp-content\/uploads\/2022\/06\/488ac8bc76644c1ff4167738a1c55821.png 1196w\" sizes=\"auto, (max-width: 300px) 100vw, 300px\" \/><\/div><div class=\"bcblq-masonry-gallery-item-epigrafe\"><h5>Piquenique com amigos<\/h5><\/div><\/a><\/div><div class=\"bcblq-masonry-gallery-item\"><a href=\"https:\/\/www.instagram.com\/p\/Bv1dZLohJI_\/?hl=es\"><div class=\"bcblq-masonry-gallery-item-foto\"><img loading=\"lazy\" decoding=\"async\" width=\"298\" height=\"300\" src=\"https:\/\/lasmuns.com\/wp-content\/uploads\/2022\/06\/d5fff22d737c3ff5a0155808d308a700-298x300.png\" class=\"attachment-medium size-medium\" alt=\"las muns comida para llevar empanadas de colores take away cita pareja\" srcset=\"https:\/\/lasmuns.com\/wp-content\/uploads\/2022\/06\/d5fff22d737c3ff5a0155808d308a700-298x300.png 298w, https:\/\/lasmuns.com\/wp-content\/uploads\/2022\/06\/d5fff22d737c3ff5a0155808d308a700-1017x1024.png 1017w, https:\/\/lasmuns.com\/wp-content\/uploads\/2022\/06\/d5fff22d737c3ff5a0155808d308a700-150x150.png 150w, https:\/\/lasmuns.com\/wp-content\/uploads\/2022\/06\/d5fff22d737c3ff5a0155808d308a700-768x773.png 768w, https:\/\/lasmuns.com\/wp-content\/uploads\/2022\/06\/d5fff22d737c3ff5a0155808d308a700.png 1188w\" sizes=\"auto, (max-width: 298px) 100vw, 298px\" \/><\/div><div class=\"bcblq-masonry-gallery-item-epigrafe\"><h5>Com a tua s\u00e9rie favorita<\/h5><\/div><\/a><\/div><div class=\"bcblq-masonry-gallery-item\"><a href=\"https:\/\/www.instagram.com\/p\/BugVI7rBYUs\/?hl=es\"><div class=\"bcblq-masonry-gallery-item-foto\"><img loading=\"lazy\" decoding=\"async\" width=\"300\" height=\"300\" src=\"https:\/\/lasmuns.com\/wp-content\/uploads\/2022\/06\/54063ae5e1e56ae0befd788dbb01b728-300x300.png\" class=\"attachment-medium size-medium\" alt=\"las muns comida para llevar empanadas de colores take away f\u00fatbol amigos\" srcset=\"https:\/\/lasmuns.com\/wp-content\/uploads\/2022\/06\/54063ae5e1e56ae0befd788dbb01b728-300x300.png 300w, https:\/\/lasmuns.com\/wp-content\/uploads\/2022\/06\/54063ae5e1e56ae0befd788dbb01b728-1024x1022.png 1024w, https:\/\/lasmuns.com\/wp-content\/uploads\/2022\/06\/54063ae5e1e56ae0befd788dbb01b728-150x150.png 150w, https:\/\/lasmuns.com\/wp-content\/uploads\/2022\/06\/54063ae5e1e56ae0befd788dbb01b728-768x767.png 768w, https:\/\/lasmuns.com\/wp-content\/uploads\/2022\/06\/54063ae5e1e56ae0befd788dbb01b728.png 1198w\" sizes=\"auto, (max-width: 300px) 100vw, 300px\" \/><\/div><div class=\"bcblq-masonry-gallery-item-epigrafe\"><h5>Um momento de paix\u00e3o<\/h5><\/div><\/a><\/div><\/div><div class=\"bcblq-masonry-gallery-contenido\"><div class=\"bcblq-half-image-text-titulo_decorativo\">EVERYWHERE<\/div><h2 class=\"bcblq-half-image-text-titulo\">Desfruta onde, quando e com quem quiseres<\/h2><p class=\"bcblq-half-image-text-texto\">N\u00e3o penses demasiado, as Muns s\u00e3o sempre a op\u00e7\u00e3o mais simples: sem necessidade de talheres, come-as bem quentinhas e leva-as contigo para os teus planos na praia, piqueniques no parque ou qualquer outro evento!<\/p><a class=\"btn btn-secondary bcblq-half-image-text-etiqueta\" href=\"https:\/\/www.instagram.com\/lasmuns.pt\/\"><i class=\"bi-instagram bt-icono d-none d-md-inline-flex\"><\/i>Segue-nos no Instagram<\/a><\/div><\/div><\/div><\/div><\/div><!-- \/template bcblq-masonry-gallery -->","protected":false},"excerpt":{"rendered":"","protected":false},"author":3,"featured_media":0,"parent":0,"menu_order":0,"comment_status":"closed","ping_status":"closed","template":"","meta":{"_acf_changed":false,"inline_featured_image":false,"footnotes":""},"class_list":["post-2149","page","type-page","status-publish","hentry"],"acf":[],"yoast_head":"<!-- This site is optimized with the Yoast SEO plugin v26.3 - https:\/\/yoast.com\/wordpress\/plugins\/seo\/ -->\n<title>Sobre n\u00f3s - Las Muns<\/title>\n<meta name=\"robots\" content=\"index, follow, max-snippet:-1, max-image-preview:large, max-video-preview:-1\" \/>\n<link rel=\"canonical\" href=\"https:\/\/lasmuns.com\/pt\/quem-somos\/\" \/>\n<meta property=\"og:locale\" content=\"pt_PT\" \/>\n<meta property=\"og:type\" content=\"article\" \/>\n<meta property=\"og:title\" content=\"Sobre n\u00f3s - Las Muns\" \/>\n<meta property=\"og:url\" content=\"https:\/\/lasmuns.com\/pt\/quem-somos\/\" \/>\n<meta property=\"og:site_name\" content=\"Las Muns\" \/>\n<meta property=\"article:modified_time\" content=\"2024-05-16T08:18:47+00:00\" \/>\n<meta name=\"twitter:card\" content=\"summary_large_image\" \/>\n<script type=\"application\/ld+json\" class=\"yoast-schema-graph\">{\"@context\":\"https:\/\/schema.org\",\"@graph\":[{\"@type\":\"WebPage\",\"@id\":\"https:\/\/lasmuns.com\/pt\/quem-somos\/\",\"url\":\"https:\/\/lasmuns.com\/pt\/quem-somos\/\",\"name\":\"Sobre n\u00f3s - Las Muns\",\"isPartOf\":{\"@id\":\"https:\/\/lasmuns.com\/pt\/#website\"},\"datePublished\":\"2022-05-20T18:52:28+00:00\",\"dateModified\":\"2024-05-16T08:18:47+00:00\",\"breadcrumb\":{\"@id\":\"https:\/\/lasmuns.com\/pt\/quem-somos\/#breadcrumb\"},\"inLanguage\":\"pt\",\"potentialAction\":[{\"@type\":\"ReadAction\",\"target\":[\"https:\/\/lasmuns.com\/pt\/quem-somos\/\"]}]},{\"@type\":\"BreadcrumbList\",\"@id\":\"https:\/\/lasmuns.com\/pt\/quem-somos\/#breadcrumb\",\"itemListElement\":[{\"@type\":\"ListItem\",\"position\":1,\"name\":\"Portada\",\"item\":\"https:\/\/lasmuns.com\/pt\/\"},{\"@type\":\"ListItem\",\"position\":2,\"name\":\"Sobre n\u00f3s\"}]},{\"@type\":\"WebSite\",\"@id\":\"https:\/\/lasmuns.com\/pt\/#website\",\"url\":\"https:\/\/lasmuns.com\/pt\/\",\"name\":\"Las Muns\",\"description\":\"The &#039;Heart-Made&#039; Empanada\",\"publisher\":{\"@id\":\"https:\/\/lasmuns.com\/pt\/#organization\"},\"potentialAction\":[{\"@type\":\"SearchAction\",\"target\":{\"@type\":\"EntryPoint\",\"urlTemplate\":\"https:\/\/lasmuns.com\/pt\/?s={search_term_string}\"},\"query-input\":{\"@type\":\"PropertyValueSpecification\",\"valueRequired\":true,\"valueName\":\"search_term_string\"}}],\"inLanguage\":\"pt\"},{\"@type\":\"Organization\",\"@id\":\"https:\/\/lasmuns.com\/pt\/#organization\",\"name\":\"Las Muns\",\"url\":\"https:\/\/lasmuns.com\/pt\/\",\"logo\":{\"@type\":\"ImageObject\",\"inLanguage\":\"pt\",\"@id\":\"https:\/\/lasmuns.com\/pt\/#\/schema\/logo\/image\/\",\"url\":\"https:\/\/lasmuns.com\/wp-content\/uploads\/2022\/06\/isologo-slogan2.svg\",\"contentUrl\":\"https:\/\/lasmuns.com\/wp-content\/uploads\/2022\/06\/isologo-slogan2.svg\",\"width\":\"1024\",\"height\":\"1024\",\"caption\":\"Las Muns\"},\"image\":{\"@id\":\"https:\/\/lasmuns.com\/pt\/#\/schema\/logo\/image\/\"},\"sameAs\":[\"https:\/\/www.instagram.com\/lasmuns\"]}]}<\/script>\n<!-- \/ Yoast SEO plugin. -->","yoast_head_json":{"title":"Sobre n\u00f3s - Las Muns","robots":{"index":"index","follow":"follow","max-snippet":"max-snippet:-1","max-image-preview":"max-image-preview:large","max-video-preview":"max-video-preview:-1"},"canonical":"https:\/\/lasmuns.com\/pt\/quem-somos\/","og_locale":"pt_PT","og_type":"article","og_title":"Sobre n\u00f3s - Las Muns","og_url":"https:\/\/lasmuns.com\/pt\/quem-somos\/","og_site_name":"Las Muns","article_modified_time":"2024-05-16T08:18:47+00:00","twitter_card":"summary_large_image","schema":{"@context":"https:\/\/schema.org","@graph":[{"@type":"WebPage","@id":"https:\/\/lasmuns.com\/pt\/quem-somos\/","url":"https:\/\/lasmuns.com\/pt\/quem-somos\/","name":"Sobre n\u00f3s - Las Muns","isPartOf":{"@id":"https:\/\/lasmuns.com\/pt\/#website"},"datePublished":"2022-05-20T18:52:28+00:00","dateModified":"2024-05-16T08:18:47+00:00","breadcrumb":{"@id":"https:\/\/lasmuns.com\/pt\/quem-somos\/#breadcrumb"},"inLanguage":"pt","potentialAction":[{"@type":"ReadAction","target":["https:\/\/lasmuns.com\/pt\/quem-somos\/"]}]},{"@type":"BreadcrumbList","@id":"https:\/\/lasmuns.com\/pt\/quem-somos\/#breadcrumb","itemListElement":[{"@type":"ListItem","position":1,"name":"Portada","item":"https:\/\/lasmuns.com\/pt\/"},{"@type":"ListItem","position":2,"name":"Sobre n\u00f3s"}]},{"@type":"WebSite","@id":"https:\/\/lasmuns.com\/pt\/#website","url":"https:\/\/lasmuns.com\/pt\/","name":"Las Muns","description":"The &#039;Heart-Made&#039; Empanada","publisher":{"@id":"https:\/\/lasmuns.com\/pt\/#organization"},"potentialAction":[{"@type":"SearchAction","target":{"@type":"EntryPoint","urlTemplate":"https:\/\/lasmuns.com\/pt\/?s={search_term_string}"},"query-input":{"@type":"PropertyValueSpecification","valueRequired":true,"valueName":"search_term_string"}}],"inLanguage":"pt"},{"@type":"Organization","@id":"https:\/\/lasmuns.com\/pt\/#organization","name":"Las Muns","url":"https:\/\/lasmuns.com\/pt\/","logo":{"@type":"ImageObject","inLanguage":"pt","@id":"https:\/\/lasmuns.com\/pt\/#\/schema\/logo\/image\/","url":"https:\/\/lasmuns.com\/wp-content\/uploads\/2022\/06\/isologo-slogan2.svg","contentUrl":"https:\/\/lasmuns.com\/wp-content\/uploads\/2022\/06\/isologo-slogan2.svg","width":"1024","height":"1024","caption":"Las Muns"},"image":{"@id":"https:\/\/lasmuns.com\/pt\/#\/schema\/logo\/image\/"},"sameAs":["https:\/\/www.instagram.com\/lasmuns"]}]}},"_links":{"self":[{"href":"https:\/\/lasmuns.com\/pt\/wp-json\/wp\/v2\/pages\/2149","targetHints":{"allow":["GET"]}}],"collection":[{"href":"https:\/\/lasmuns.com\/pt\/wp-json\/wp\/v2\/pages"}],"about":[{"href":"https:\/\/lasmuns.com\/pt\/wp-json\/wp\/v2\/types\/page"}],"author":[{"embeddable":true,"href":"https:\/\/lasmuns.com\/pt\/wp-json\/wp\/v2\/users\/3"}],"replies":[{"embeddable":true,"href":"https:\/\/lasmuns.com\/pt\/wp-json\/wp\/v2\/comments?post=2149"}],"version-history":[{"count":47,"href":"https:\/\/lasmuns.com\/pt\/wp-json\/wp\/v2\/pages\/2149\/revisions"}],"predecessor-version":[{"id":4336,"href":"https:\/\/lasmuns.com\/pt\/wp-json\/wp\/v2\/pages\/2149\/revisions\/4336"}],"wp:attachment":[{"href":"https:\/\/lasmuns.com\/pt\/wp-json\/wp\/v2\/media?parent=2149"}],"curies":[{"name":"wp","href":"https:\/\/api.w.org\/{rel}","templated":true}]}}