{"id":5909,"date":"2022-06-17T02:27:44","date_gmt":"2022-06-17T00:27:44","guid":{"rendered":"https:\/\/lasmuns.com\/terminos-y-condiciones\/"},"modified":"2025-11-07T17:04:00","modified_gmt":"2025-11-07T16:04:00","slug":"geschaftsbedingungen","status":"publish","type":"page","link":"https:\/\/lasmuns.com\/de\/geschaftsbedingungen\/","title":{"rendered":"Gesch\u00e4ftsbedingungen"},"content":{"rendered":"<!-- template --><div class=\"bcblq bcblq-encabezado-decorativo\" ><div class=\"container-fluid\"><div class=\"container\"><div class=\"bcblq-encabezado-decorativo-contenido\"><div class=\"bcblq-encabezado-decorativo-titulo_decorativo\">RECHTLICH<\/div><div class=\"bcblq-encabezado-decorativo-cols\"><div class=\"bcblq-encabezado-decorativo-titulo\"><h2>Gesch\u00e4ftsbedingungen<\/h2><\/div><div class=\"bcblq-encabezado-decorativo-texto\"><p>Es hat nicht nur f\u00fcnf Jahrhunderte \u00fcberdauert, sondern auch den Sprung ins elektronische Zeitalter des Schriftsatzes geschafft und ist dabei im Wesentlichen unver\u00e4ndert geblieben. In den 1960er Jahren wurde es durch die Ver\u00f6ffentlichung von Letraset-B\u00f6gen popul\u00e4r, die Folgendes enthielten:<\/p><\/div><\/div><\/div><\/div><\/div><\/div><!-- \/template -->\n\n<!-- template bcblq-texto-cta --><div class=\"bcblq bcblq-texto-cta   contenedor__box\" >\t\t<div class=\"container\" style=\"background-color:transparent\"><div class=\"row bcblq-opc--alineacion-izquierda\"><div class=\"col-20 col-md-12 bcblq-texto-cta-cont-texto\"><div class=\"bcblq-texto-cta-contenido\"><h4 class=\"bcblq-texto-cta-subtitulo\">INFO LEGAL<\/h4><\/div><\/div><\/div><\/div><\/div><!-- \/template bcblq-texto-cta -->\n\n<!-- template bcblq-half-image-text --><div class=\"bcblq bcblq-half-image-text   contenedor__box\" >\t\t<div class=\"container\" style=\"background-color:transparent\"><div class=\"row bcblq-opc--imagen-derecha\"><div class=\"col bcblq-half-image-text-cont-texto\"><div class=\"bcblq-half-image-text-contenido\"><div class=\"bcblq-half-image-text-texto\">It has survived not only five centuries, but also the leap into electronic typesetting, remaining essentially unchanged. It was popularised in the 1960s with the release of Letraset sheets containing It has survived not only five centuries, but also the leap into electronic typesetting, remaining es Lorem Ipsum is simply dummy text of the printing and typesetting industry. Lorem Ipsum has been the industry&#8217;s standard dummy text ever since the 1500s, when an unknown printer took a galley of type and scrambled it to make a type specimen book. It has survived not only five centuries, but also the leap into electronic typesetting, remaining essentially unchanged. It was popularised in the 1960s with the release of Letraset sheets containing Lorem Ipsum passages, and more recently with desktop publishing software like Aldus PageMaker including versions of Lorem Ipsum.v<br \/>\r\nLorem Ipsum is simply dummy text of the printing and typesetting industry. Lorem Ipsum has been the industry&#8217;s standard dummy text ever since the 1500s, when an unknown printer took a galley of type and scrambled it to make a type specimen book. It has survived not only five centuries, but also the leap into electronic typesetting, remaining essentially unchanged. It was popularised in the 1960s with the release of Letraset sheets containing Lorem Ipsum passages, and more recently with desktop publishing software like Aldus PageMaker including versions of Lorem Ipsum.<br \/>\r\n<br \/>\r\nLorem Ipsum is simply dummy text of the printing and typesetting industry. Lorem Ipsum has been the industry&#8217;s standard dummy text ever since the 1500s, when an unknown printer took a galley of type and scrambled it to make a type specimen book. It has survived not only five centuries, but also the leap into electronic typesetting, remaining essentially unchanged. It was popularised in the 1960s with the release of Letraset sheets containing Lorem Ipsum passages, and more recently with desktop publishing software like Aldus PageMaker including versions of Lorem Ipsum.<br \/>\r\n<br \/>\r\nLorem Ipsum is simply dummy text of the printing and typesetting industry. Lorem Ipsum has been the industry&#8217;s standard dummy text ever since the 1500s, when an unknown printer took a galley of type and scrambled it to make a type specimen book. It has survived not only five centuries, but also the leap into electronic typesetting, remaining essentially unchanged. It was popularised in the 1960s with the release of Letraset sheets containing Lorem Ipsum passages, and more recently with desktop publishing software like Aldus PageMaker including versions of Lorem Ipsum.<\/div><\/div><\/div><\/div><\/div><\/div><!-- \/template -->","protected":false},"excerpt":{"rendered":"","protected":false},"author":3,"featured_media":0,"parent":0,"menu_order":0,"comment_status":"closed","ping_status":"closed","template":"","meta":{"_acf_changed":false,"inline_featured_image":false,"footnotes":""},"class_list":["post-5909","page","type-page","status-publish","hentry"],"acf":[],"yoast_head":"<!-- This site is optimized with the Yoast SEO plugin v26.3 - https:\/\/yoast.com\/wordpress\/plugins\/seo\/ -->\n<title>Gesch\u00e4ftsbedingungen - Las Muns<\/title>\n<meta name=\"robots\" content=\"index, follow, max-snippet:-1, max-image-preview:large, max-video-preview:-1\" \/>\n<link rel=\"canonical\" href=\"https:\/\/lasmuns.com\/de\/geschaftsbedingungen\/\" \/>\n<meta property=\"og:locale\" content=\"de_DE\" \/>\n<meta property=\"og:type\" content=\"article\" \/>\n<meta property=\"og:title\" content=\"Gesch\u00e4ftsbedingungen - Las Muns\" \/>\n<meta property=\"og:url\" content=\"https:\/\/lasmuns.com\/de\/geschaftsbedingungen\/\" \/>\n<meta property=\"og:site_name\" content=\"Las Muns\" \/>\n<meta property=\"article:modified_time\" content=\"2025-11-07T16:04:00+00:00\" \/>\n<meta name=\"twitter:card\" content=\"summary_large_image\" \/>\n<script type=\"application\/ld+json\" class=\"yoast-schema-graph\">{\"@context\":\"https:\/\/schema.org\",\"@graph\":[{\"@type\":\"WebPage\",\"@id\":\"https:\/\/lasmuns.com\/de\/geschaftsbedingungen\/\",\"url\":\"https:\/\/lasmuns.com\/de\/geschaftsbedingungen\/\",\"name\":\"Gesch\u00e4ftsbedingungen - Las Muns\",\"isPartOf\":{\"@id\":\"https:\/\/lasmuns.com\/de\/#website\"},\"datePublished\":\"2022-06-17T00:27:44+00:00\",\"dateModified\":\"2025-11-07T16:04:00+00:00\",\"breadcrumb\":{\"@id\":\"https:\/\/lasmuns.com\/de\/geschaftsbedingungen\/#breadcrumb\"},\"inLanguage\":\"de\",\"potentialAction\":[{\"@type\":\"ReadAction\",\"target\":[\"https:\/\/lasmuns.com\/de\/geschaftsbedingungen\/\"]}]},{\"@type\":\"BreadcrumbList\",\"@id\":\"https:\/\/lasmuns.com\/de\/geschaftsbedingungen\/#breadcrumb\",\"itemListElement\":[{\"@type\":\"ListItem\",\"position\":1,\"name\":\"Portada\",\"item\":\"https:\/\/lasmuns.com\/de\/\"},{\"@type\":\"ListItem\",\"position\":2,\"name\":\"Gesch\u00e4ftsbedingungen\"}]},{\"@type\":\"WebSite\",\"@id\":\"https:\/\/lasmuns.com\/de\/#website\",\"url\":\"https:\/\/lasmuns.com\/de\/\",\"name\":\"Las Muns\",\"description\":\"The &#039;Heart-Made&#039; Empanada\",\"publisher\":{\"@id\":\"https:\/\/lasmuns.com\/de\/#organization\"},\"potentialAction\":[{\"@type\":\"SearchAction\",\"target\":{\"@type\":\"EntryPoint\",\"urlTemplate\":\"https:\/\/lasmuns.com\/de\/?s={search_term_string}\"},\"query-input\":{\"@type\":\"PropertyValueSpecification\",\"valueRequired\":true,\"valueName\":\"search_term_string\"}}],\"inLanguage\":\"de\"},{\"@type\":\"Organization\",\"@id\":\"https:\/\/lasmuns.com\/de\/#organization\",\"name\":\"Las Muns\",\"url\":\"https:\/\/lasmuns.com\/de\/\",\"logo\":{\"@type\":\"ImageObject\",\"inLanguage\":\"de\",\"@id\":\"https:\/\/lasmuns.com\/de\/#\/schema\/logo\/image\/\",\"url\":\"https:\/\/lasmuns.com\/wp-content\/uploads\/2022\/06\/isologo-slogan2.svg\",\"contentUrl\":\"https:\/\/lasmuns.com\/wp-content\/uploads\/2022\/06\/isologo-slogan2.svg\",\"width\":\"1024\",\"height\":\"1024\",\"caption\":\"Las Muns\"},\"image\":{\"@id\":\"https:\/\/lasmuns.com\/de\/#\/schema\/logo\/image\/\"},\"sameAs\":[\"https:\/\/www.instagram.com\/lasmuns\"]}]}<\/script>\n<!-- \/ Yoast SEO plugin. -->","yoast_head_json":{"title":"Gesch\u00e4ftsbedingungen - Las Muns","robots":{"index":"index","follow":"follow","max-snippet":"max-snippet:-1","max-image-preview":"max-image-preview:large","max-video-preview":"max-video-preview:-1"},"canonical":"https:\/\/lasmuns.com\/de\/geschaftsbedingungen\/","og_locale":"de_DE","og_type":"article","og_title":"Gesch\u00e4ftsbedingungen - Las Muns","og_url":"https:\/\/lasmuns.com\/de\/geschaftsbedingungen\/","og_site_name":"Las Muns","article_modified_time":"2025-11-07T16:04:00+00:00","twitter_card":"summary_large_image","schema":{"@context":"https:\/\/schema.org","@graph":[{"@type":"WebPage","@id":"https:\/\/lasmuns.com\/de\/geschaftsbedingungen\/","url":"https:\/\/lasmuns.com\/de\/geschaftsbedingungen\/","name":"Gesch\u00e4ftsbedingungen - Las Muns","isPartOf":{"@id":"https:\/\/lasmuns.com\/de\/#website"},"datePublished":"2022-06-17T00:27:44+00:00","dateModified":"2025-11-07T16:04:00+00:00","breadcrumb":{"@id":"https:\/\/lasmuns.com\/de\/geschaftsbedingungen\/#breadcrumb"},"inLanguage":"de","potentialAction":[{"@type":"ReadAction","target":["https:\/\/lasmuns.com\/de\/geschaftsbedingungen\/"]}]},{"@type":"BreadcrumbList","@id":"https:\/\/lasmuns.com\/de\/geschaftsbedingungen\/#breadcrumb","itemListElement":[{"@type":"ListItem","position":1,"name":"Portada","item":"https:\/\/lasmuns.com\/de\/"},{"@type":"ListItem","position":2,"name":"Gesch\u00e4ftsbedingungen"}]},{"@type":"WebSite","@id":"https:\/\/lasmuns.com\/de\/#website","url":"https:\/\/lasmuns.com\/de\/","name":"Las Muns","description":"The &#039;Heart-Made&#039; Empanada","publisher":{"@id":"https:\/\/lasmuns.com\/de\/#organization"},"potentialAction":[{"@type":"SearchAction","target":{"@type":"EntryPoint","urlTemplate":"https:\/\/lasmuns.com\/de\/?s={search_term_string}"},"query-input":{"@type":"PropertyValueSpecification","valueRequired":true,"valueName":"search_term_string"}}],"inLanguage":"de"},{"@type":"Organization","@id":"https:\/\/lasmuns.com\/de\/#organization","name":"Las Muns","url":"https:\/\/lasmuns.com\/de\/","logo":{"@type":"ImageObject","inLanguage":"de","@id":"https:\/\/lasmuns.com\/de\/#\/schema\/logo\/image\/","url":"https:\/\/lasmuns.com\/wp-content\/uploads\/2022\/06\/isologo-slogan2.svg","contentUrl":"https:\/\/lasmuns.com\/wp-content\/uploads\/2022\/06\/isologo-slogan2.svg","width":"1024","height":"1024","caption":"Las Muns"},"image":{"@id":"https:\/\/lasmuns.com\/de\/#\/schema\/logo\/image\/"},"sameAs":["https:\/\/www.instagram.com\/lasmuns"]}]}},"_links":{"self":[{"href":"https:\/\/lasmuns.com\/de\/wp-json\/wp\/v2\/pages\/5909","targetHints":{"allow":["GET"]}}],"collection":[{"href":"https:\/\/lasmuns.com\/de\/wp-json\/wp\/v2\/pages"}],"about":[{"href":"https:\/\/lasmuns.com\/de\/wp-json\/wp\/v2\/types\/page"}],"author":[{"embeddable":true,"href":"https:\/\/lasmuns.com\/de\/wp-json\/wp\/v2\/users\/3"}],"replies":[{"embeddable":true,"href":"https:\/\/lasmuns.com\/de\/wp-json\/wp\/v2\/comments?post=5909"}],"version-history":[{"count":1,"href":"https:\/\/lasmuns.com\/de\/wp-json\/wp\/v2\/pages\/5909\/revisions"}],"predecessor-version":[{"id":5919,"href":"https:\/\/lasmuns.com\/de\/wp-json\/wp\/v2\/pages\/5909\/revisions\/5919"}],"wp:attachment":[{"href":"https:\/\/lasmuns.com\/de\/wp-json\/wp\/v2\/media?parent=5909"}],"curies":[{"name":"wp","href":"https:\/\/api.w.org\/{rel}","templated":true}]}}