{"id":5905,"date":"2022-05-20T20:52:28","date_gmt":"2022-05-20T18:52:28","guid":{"rendered":"https:\/\/lasmuns.com\/quienes-somos\/"},"modified":"2025-12-05T18:04:16","modified_gmt":"2025-12-05T17:04:16","slug":"wer-wir-sind","status":"publish","type":"page","link":"https:\/\/lasmuns.com\/de\/wer-wir-sind\/","title":{"rendered":"Wer wir sind"},"content":{"rendered":"<!-- template --><div class=\"bcblq bcblq-full-image-text bcblq-opc--izquierda\" style=\"margin-top:50px;margin-bottom:50px;\"><div class=\"container-fluid\" style=\"background-image:url(https:\/\/lasmuns.com\/wp-content\/uploads\/2022\/07\/Fotos_Background2.png)\"><div class=\"row\"><div class=\"col\"><div class=\"bcblq-full-image-text-imagen\" ><div class=\"bcblq-full-image-text-caja\" style=\"background-color:#FFF;\"><h2 style=\"color:primary: Primario;\">Hallo! Wir sind Las Muns,<\/h2><p style=\"color:primary: Primario;\">unsere ganz besonderen Empanadas, mit Liebe zubereitet.<\/p><\/div><\/div><\/div><\/div><\/div><\/div><!-- \/template -->\n\n<!-- template bcblq-half-image-text --><div class=\"bcblq bcblq-half-image-text   contenedor__full-width with-custom-margins usa-fondo\" style=\"margin-top:100px;margin-bottom:50px;\"><div class=\"container-fluid\" style=\"background-color:#FFFFFF\"><div class=\"row bcblq-opc--imagen-izquierda\"><div class=\"col-20 col-md-12 bcblq-half-image-text-cont-imagen\"><div class=\"bcblq-half-image-text-borde\" style=\"background-color:#F3F2EF!important\"><\/div><a class=\"open-modal video-modal\"><div class=\"video-player\" data-id=\"video-player-block_9ba428fcd5a5bb67333d44b386c757e4\" data-video-id=\"57l_HauDDlk\"><\/div><span class=\"icon-play\"><svg width=\"47\" height=\"51\" viewBox=\"0 0 47 51\" fill=\"none\" xmlns=\"http:\/\/www.w3.org\/2000\/svg\">\n<path d=\"M8.56521 47.3432C6.52933 48.5467 3.95703 47.0791 3.95703 44.7142V6.37543C3.95703 4.05072 6.45096 2.57836 8.48643 3.70137L42.0328 22.2097C44.1022 23.3515 44.1462 26.3101 42.1116 27.5128L8.56521 47.3432Z\" stroke=\"white\" stroke-width=\"6.10811\"\/>\n<\/svg>\n<\/span><figure class=\"bcblq-half-image-text-imagen\"><img loading=\"lazy\" decoding=\"async\" width=\"718\" height=\"508\" src=\"https:\/\/lasmuns.com\/wp-content\/uploads\/2022\/06\/everyone-1-5.png\" class=\"attachment-large size-large\" alt=\"las muns comida para llevar empanadas de colores take away hechas a mano\" srcset=\"https:\/\/lasmuns.com\/wp-content\/uploads\/2022\/06\/everyone-1-5.png 718w, https:\/\/lasmuns.com\/wp-content\/uploads\/2022\/06\/everyone-1-5-300x212.png 300w\" sizes=\"auto, (max-width: 718px) 100vw, 718px\" \/><\/figure><\/a><\/div><div class=\"col bcblq-half-image-text-cont-texto\"><div class=\"bcblq-half-image-text-contenido\"><div class=\"bcblq-half-image-text-titulo_decorativo\">HEART-MADE<\/div><h2 class=\"bcblq-half-image-text-titulo\">Handgefertigt, St\u00fcck f\u00fcr St\u00fcck<\/h2><div class=\"bcblq-half-image-text-texto\">Wussten Sie, dass alle unsere Empanadas von Hand verschlossen werden? Wir stecken viel Zeit und Liebe in die Zubereitung jeder einzelnen. Wir verzichten auf Konservierungsstoffe und Zusatzstoffe. Wir verwenden ausschlie\u00dflich nat\u00fcrliche Farbstoffe und Oliven\u00f6l. Dank der hochwertigen Zutaten sind unsere Empanadas nicht nur k\u00f6stlich, sondern auch gesund.<\/div><a class=\"btn btn-success bcblq-half-image-text-etiqueta\" href=\"\/de\/speisekarte\/empanadas-de\/\">Siehe Brief<\/a><\/div><\/div><\/div><\/div><\/div><!-- \/template -->\n\n<!-- template bcblq-half-image-text --><div class=\"bcblq bcblq-half-image-text   contenedor__full-width with-custom-margins usa-fondo\" style=\"margin-top:100px;margin-bottom:100px;\"><div class=\"container-fluid\" style=\"background-color:#FFFFFF\"><div class=\"row bcblq-opc--imagen-derecha\"><div class=\"col-20 col-md-12 bcblq-half-image-text-cont-imagen\"><div class=\"bcblq-half-image-text-borde\" style=\"background-color:#9e7d7d!important\"><\/div><a href=\"\/de\/speisekarte\/pakete\/\"><figure class=\"bcblq-half-image-text-imagen\"><img loading=\"lazy\" decoding=\"async\" width=\"1024\" height=\"683\" src=\"https:\/\/lasmuns.com\/wp-content\/uploads\/2024\/01\/IMG_7158-1024x683.jpg\" class=\"attachment-large size-large\" alt=\"las muns comida para llevar empanadas de colores take away pack caja\" srcset=\"https:\/\/lasmuns.com\/wp-content\/uploads\/2024\/01\/IMG_7158-1024x683.jpg 1024w, https:\/\/lasmuns.com\/wp-content\/uploads\/2024\/01\/IMG_7158-300x200.jpg 300w, https:\/\/lasmuns.com\/wp-content\/uploads\/2024\/01\/IMG_7158-768x512.jpg 768w, https:\/\/lasmuns.com\/wp-content\/uploads\/2024\/01\/IMG_7158.jpg 1200w\" sizes=\"auto, (max-width: 1024px) 100vw, 1024px\" \/><\/figure><\/a><\/div><div class=\"col bcblq-half-image-text-cont-texto\"><div class=\"bcblq-half-image-text-contenido\"><div class=\"bcblq-half-image-text-titulo_decorativo\">EVERYONE<\/div><h2 class=\"bcblq-half-image-text-titulo\">Perfekt zum Teilen<\/h2><div class=\"bcblq-half-image-text-texto\">Wir haben Empanadas f\u00fcr jeden Geschmack! Unsere riesige Auswahl an Empanadas eignet sich ideal zum Teilen mit wem auch immer Sie m\u00f6chten.<\/div><a class=\"btn btn-success bcblq-half-image-text-etiqueta\" href=\"\/de\/speisekarte\/pakete\/\">Pakete ansehen<\/a><\/div><\/div><\/div><\/div><\/div><!-- \/template -->\n\n<!-- template bcblq-half-image-text --><div class=\"bcblq bcblq-half-image-text   contenedor__full-width with-custom-margins usa-fondo\" style=\"margin-top:100px;margin-bottom:50px;\"><div class=\"container-fluid\" style=\"background-color:#FFFFFF\"><div class=\"row bcblq-opc--imagen-izquierda\"><div class=\"col-20 col-md-12 bcblq-half-image-text-cont-imagen\"><div class=\"bcblq-half-image-text-borde\" style=\"background-color:#F3F2EF!important\"><\/div><a href=\"https:\/\/pedidos.lasmuns.com\/\"><figure class=\"bcblq-half-image-text-imagen\"><img loading=\"lazy\" decoding=\"async\" width=\"1024\" height=\"683\" src=\"https:\/\/lasmuns.com\/wp-content\/uploads\/2022\/07\/Muns9469-1-1024x683.png\" class=\"attachment-large size-large\" alt=\"las muns comida para llevar empanadas de colores take away pollo al curry\" srcset=\"https:\/\/lasmuns.com\/wp-content\/uploads\/2022\/07\/Muns9469-1-1024x683.png 1024w, https:\/\/lasmuns.com\/wp-content\/uploads\/2022\/07\/Muns9469-1-300x200.png 300w, https:\/\/lasmuns.com\/wp-content\/uploads\/2022\/07\/Muns9469-1-768x512.png 768w, https:\/\/lasmuns.com\/wp-content\/uploads\/2022\/07\/Muns9469-1.png 1119w\" sizes=\"auto, (max-width: 1024px) 100vw, 1024px\" \/><\/figure><\/a><\/div><div class=\"col bcblq-half-image-text-cont-texto\"><div class=\"bcblq-half-image-text-contenido\"><div class=\"bcblq-half-image-text-titulo_decorativo\">REALFOOD<\/div><h2 class=\"bcblq-half-image-text-titulo\">N\u00e4hrstoffreiche und gesunde Zutaten<\/h2><div class=\"bcblq-half-image-text-texto\">Die k\u00f6stlichen Zutaten unserer Muns werden von unserem K\u00fcchenchef Diego sorgf\u00e4ltig ausgew\u00e4hlt. Unsere Philosophie ist einfach: Wir arbeiten mit Qualit\u00e4tslieferanten zusammen, die unsere Werte teilen. Wir bieten echte Lebensmittel und m\u00f6chten, dass Sie sehen, was Sie essen.<\/div><a class=\"btn btn-success bcblq-half-image-text-etiqueta\" href=\"https:\/\/pedidos.lasmuns.com\/\">Kaufen Sie Muns<\/a><\/div><\/div><\/div><\/div><\/div><!-- \/template -->\n\n<!-- template bcblq-masonry-gallery --><div class=\"bcblq bcblq-masonry-gallery\" style=\"margin-top:-50px;margin-bottom:100px;\"><div class=\"container-fluid\"><div class=\"container\"><div class=\"bcblq-masonry-gallery-list-wrapper\"><div class=\"bcblq-masonry-gallery-list\"><div class=\"bcblq-masonry-gallery-item\"><a href=\"https:\/\/www.instagram.com\/p\/B0VXXFvoJgx\/?hl=es\"><div class=\"bcblq-masonry-gallery-item-foto\"><img loading=\"lazy\" decoding=\"async\" width=\"300\" height=\"298\" src=\"https:\/\/lasmuns.com\/wp-content\/uploads\/2022\/06\/b40b983a59a5481817abd2ef4fdc9e4c-300x298.png\" class=\"attachment-medium size-medium\" alt=\"Un merecido descanso las muns comida para llevar empanadas de colores take away business aire libre\" srcset=\"https:\/\/lasmuns.com\/wp-content\/uploads\/2022\/06\/b40b983a59a5481817abd2ef4fdc9e4c-300x298.png 300w, https:\/\/lasmuns.com\/wp-content\/uploads\/2022\/06\/b40b983a59a5481817abd2ef4fdc9e4c-1024x1019.png 1024w, https:\/\/lasmuns.com\/wp-content\/uploads\/2022\/06\/b40b983a59a5481817abd2ef4fdc9e4c-150x150.png 150w, https:\/\/lasmuns.com\/wp-content\/uploads\/2022\/06\/b40b983a59a5481817abd2ef4fdc9e4c-768x764.png 768w, https:\/\/lasmuns.com\/wp-content\/uploads\/2022\/06\/b40b983a59a5481817abd2ef4fdc9e4c.png 1194w\" sizes=\"auto, (max-width: 300px) 100vw, 300px\" \/><\/div><div class=\"bcblq-masonry-gallery-item-epigrafe\"><h5>Eine wohlverdiente Ruhepa<\/h5><\/div><\/a><\/div><div class=\"bcblq-masonry-gallery-item\"><a href=\"https:\/\/www.instagram.com\/p\/BzPzq4sovOp\/?hl=es\"><div class=\"bcblq-masonry-gallery-item-foto\"><img loading=\"lazy\" decoding=\"async\" width=\"300\" height=\"300\" src=\"https:\/\/lasmuns.com\/wp-content\/uploads\/2022\/06\/488ac8bc76644c1ff4167738a1c55821-300x300.png\" class=\"attachment-medium size-medium\" alt=\"las muns comida para llevar empanadas de colores take away picnic aire libre amigos\" srcset=\"https:\/\/lasmuns.com\/wp-content\/uploads\/2022\/06\/488ac8bc76644c1ff4167738a1c55821-300x300.png 300w, https:\/\/lasmuns.com\/wp-content\/uploads\/2022\/06\/488ac8bc76644c1ff4167738a1c55821-1024x1024.png 1024w, https:\/\/lasmuns.com\/wp-content\/uploads\/2022\/06\/488ac8bc76644c1ff4167738a1c55821-150x150.png 150w, https:\/\/lasmuns.com\/wp-content\/uploads\/2022\/06\/488ac8bc76644c1ff4167738a1c55821-768x768.png 768w, https:\/\/lasmuns.com\/wp-content\/uploads\/2022\/06\/488ac8bc76644c1ff4167738a1c55821.png 1196w\" sizes=\"auto, (max-width: 300px) 100vw, 300px\" \/><\/div><div class=\"bcblq-masonry-gallery-item-epigrafe\"><h5>Picknick mit Freunden<\/h5><\/div><\/a><\/div><div class=\"bcblq-masonry-gallery-item\"><a href=\"https:\/\/www.instagram.com\/p\/Bv1dZLohJI_\/?hl=es\"><div class=\"bcblq-masonry-gallery-item-foto\"><img loading=\"lazy\" decoding=\"async\" width=\"298\" height=\"300\" src=\"https:\/\/lasmuns.com\/wp-content\/uploads\/2022\/06\/d5fff22d737c3ff5a0155808d308a700-298x300.png\" class=\"attachment-medium size-medium\" alt=\"las muns comida para llevar empanadas de colores take away cita pareja\" srcset=\"https:\/\/lasmuns.com\/wp-content\/uploads\/2022\/06\/d5fff22d737c3ff5a0155808d308a700-298x300.png 298w, https:\/\/lasmuns.com\/wp-content\/uploads\/2022\/06\/d5fff22d737c3ff5a0155808d308a700-1017x1024.png 1017w, https:\/\/lasmuns.com\/wp-content\/uploads\/2022\/06\/d5fff22d737c3ff5a0155808d308a700-150x150.png 150w, https:\/\/lasmuns.com\/wp-content\/uploads\/2022\/06\/d5fff22d737c3ff5a0155808d308a700-768x773.png 768w, https:\/\/lasmuns.com\/wp-content\/uploads\/2022\/06\/d5fff22d737c3ff5a0155808d308a700.png 1188w\" sizes=\"auto, (max-width: 298px) 100vw, 298px\" \/><\/div><div class=\"bcblq-masonry-gallery-item-epigrafe\"><h5>Mit Ihrer Lieblingsserie<\/h5><\/div><\/a><\/div><div class=\"bcblq-masonry-gallery-item\"><a href=\"https:\/\/www.instagram.com\/p\/BugVI7rBYUs\/?hl=es\"><div class=\"bcblq-masonry-gallery-item-foto\"><img loading=\"lazy\" decoding=\"async\" width=\"300\" height=\"300\" src=\"https:\/\/lasmuns.com\/wp-content\/uploads\/2022\/06\/54063ae5e1e56ae0befd788dbb01b728-300x300.png\" class=\"attachment-medium size-medium\" alt=\"las muns comida para llevar empanadas de colores take away f\u00fatbol amigos\" srcset=\"https:\/\/lasmuns.com\/wp-content\/uploads\/2022\/06\/54063ae5e1e56ae0befd788dbb01b728-300x300.png 300w, https:\/\/lasmuns.com\/wp-content\/uploads\/2022\/06\/54063ae5e1e56ae0befd788dbb01b728-1024x1022.png 1024w, https:\/\/lasmuns.com\/wp-content\/uploads\/2022\/06\/54063ae5e1e56ae0befd788dbb01b728-150x150.png 150w, https:\/\/lasmuns.com\/wp-content\/uploads\/2022\/06\/54063ae5e1e56ae0befd788dbb01b728-768x767.png 768w, https:\/\/lasmuns.com\/wp-content\/uploads\/2022\/06\/54063ae5e1e56ae0befd788dbb01b728.png 1198w\" sizes=\"auto, (max-width: 300px) 100vw, 300px\" \/><\/div><div class=\"bcblq-masonry-gallery-item-epigrafe\"><h5>Ein Moment der Leidenscha<\/h5><\/div><\/a><\/div><\/div><div class=\"bcblq-masonry-gallery-contenido\"><div class=\"bcblq-half-image-text-titulo_decorativo\">EVERYWHERE<\/div><h2 class=\"bcblq-half-image-text-titulo\">Genie\u00dfen Sie sie, wo, wann und mit wem immer Sie wollen.<\/h2><p class=\"bcblq-half-image-text-texto\">Mach dir nicht so viele Gedanken, Muns sind immer die einfachste Option: Man braucht kein Besteck, isst sie sch\u00f6n hei\u00df und nimmt sie mit zum Strand, zum Picknick im Park oder zu jeder anderen Veranstaltung!<\/p><a class=\"btn btn-secondary bcblq-half-image-text-etiqueta\" href=\"https:\/\/www.instagram.com\/lasmuns\/?hl=es\"><i class=\"bi-instagram bt-icono d-none d-md-inline-flex\"><\/i>Folgt uns auf Instagram<\/a><\/div><\/div><\/div><\/div><\/div><!-- \/template bcblq-masonry-gallery -->","protected":false},"excerpt":{"rendered":"","protected":false},"author":3,"featured_media":0,"parent":0,"menu_order":0,"comment_status":"closed","ping_status":"closed","template":"","meta":{"_acf_changed":false,"inline_featured_image":false,"footnotes":""},"class_list":["post-5905","page","type-page","status-publish","hentry"],"acf":[],"yoast_head":"<!-- This site is optimized with the Yoast SEO plugin v26.3 - https:\/\/yoast.com\/wordpress\/plugins\/seo\/ -->\n<title>Wer wir sind - Las Muns<\/title>\n<meta name=\"robots\" content=\"index, follow, max-snippet:-1, max-image-preview:large, max-video-preview:-1\" \/>\n<link rel=\"canonical\" href=\"https:\/\/lasmuns.com\/de\/wer-wir-sind\/\" \/>\n<meta property=\"og:locale\" content=\"de_DE\" \/>\n<meta property=\"og:type\" content=\"article\" \/>\n<meta property=\"og:title\" content=\"Wer wir sind - Las Muns\" \/>\n<meta property=\"og:url\" content=\"https:\/\/lasmuns.com\/de\/wer-wir-sind\/\" \/>\n<meta property=\"og:site_name\" content=\"Las Muns\" \/>\n<meta property=\"article:modified_time\" content=\"2025-12-05T17:04:16+00:00\" \/>\n<meta name=\"twitter:card\" content=\"summary_large_image\" \/>\n<script type=\"application\/ld+json\" class=\"yoast-schema-graph\">{\"@context\":\"https:\/\/schema.org\",\"@graph\":[{\"@type\":\"WebPage\",\"@id\":\"https:\/\/lasmuns.com\/de\/wer-wir-sind\/\",\"url\":\"https:\/\/lasmuns.com\/de\/wer-wir-sind\/\",\"name\":\"Wer wir sind - Las Muns\",\"isPartOf\":{\"@id\":\"https:\/\/lasmuns.com\/de\/#website\"},\"datePublished\":\"2022-05-20T18:52:28+00:00\",\"dateModified\":\"2025-12-05T17:04:16+00:00\",\"breadcrumb\":{\"@id\":\"https:\/\/lasmuns.com\/de\/wer-wir-sind\/#breadcrumb\"},\"inLanguage\":\"de\",\"potentialAction\":[{\"@type\":\"ReadAction\",\"target\":[\"https:\/\/lasmuns.com\/de\/wer-wir-sind\/\"]}]},{\"@type\":\"BreadcrumbList\",\"@id\":\"https:\/\/lasmuns.com\/de\/wer-wir-sind\/#breadcrumb\",\"itemListElement\":[{\"@type\":\"ListItem\",\"position\":1,\"name\":\"Portada\",\"item\":\"https:\/\/lasmuns.com\/de\/\"},{\"@type\":\"ListItem\",\"position\":2,\"name\":\"Wer wir sind\"}]},{\"@type\":\"WebSite\",\"@id\":\"https:\/\/lasmuns.com\/de\/#website\",\"url\":\"https:\/\/lasmuns.com\/de\/\",\"name\":\"Las Muns\",\"description\":\"The &#039;Heart-Made&#039; Empanada\",\"publisher\":{\"@id\":\"https:\/\/lasmuns.com\/de\/#organization\"},\"potentialAction\":[{\"@type\":\"SearchAction\",\"target\":{\"@type\":\"EntryPoint\",\"urlTemplate\":\"https:\/\/lasmuns.com\/de\/?s={search_term_string}\"},\"query-input\":{\"@type\":\"PropertyValueSpecification\",\"valueRequired\":true,\"valueName\":\"search_term_string\"}}],\"inLanguage\":\"de\"},{\"@type\":\"Organization\",\"@id\":\"https:\/\/lasmuns.com\/de\/#organization\",\"name\":\"Las Muns\",\"url\":\"https:\/\/lasmuns.com\/de\/\",\"logo\":{\"@type\":\"ImageObject\",\"inLanguage\":\"de\",\"@id\":\"https:\/\/lasmuns.com\/de\/#\/schema\/logo\/image\/\",\"url\":\"https:\/\/lasmuns.com\/wp-content\/uploads\/2022\/06\/isologo-slogan2.svg\",\"contentUrl\":\"https:\/\/lasmuns.com\/wp-content\/uploads\/2022\/06\/isologo-slogan2.svg\",\"width\":\"1024\",\"height\":\"1024\",\"caption\":\"Las Muns\"},\"image\":{\"@id\":\"https:\/\/lasmuns.com\/de\/#\/schema\/logo\/image\/\"},\"sameAs\":[\"https:\/\/www.instagram.com\/lasmuns\"]}]}<\/script>\n<!-- \/ Yoast SEO plugin. -->","yoast_head_json":{"title":"Wer wir sind - Las Muns","robots":{"index":"index","follow":"follow","max-snippet":"max-snippet:-1","max-image-preview":"max-image-preview:large","max-video-preview":"max-video-preview:-1"},"canonical":"https:\/\/lasmuns.com\/de\/wer-wir-sind\/","og_locale":"de_DE","og_type":"article","og_title":"Wer wir sind - Las Muns","og_url":"https:\/\/lasmuns.com\/de\/wer-wir-sind\/","og_site_name":"Las Muns","article_modified_time":"2025-12-05T17:04:16+00:00","twitter_card":"summary_large_image","schema":{"@context":"https:\/\/schema.org","@graph":[{"@type":"WebPage","@id":"https:\/\/lasmuns.com\/de\/wer-wir-sind\/","url":"https:\/\/lasmuns.com\/de\/wer-wir-sind\/","name":"Wer wir sind - Las Muns","isPartOf":{"@id":"https:\/\/lasmuns.com\/de\/#website"},"datePublished":"2022-05-20T18:52:28+00:00","dateModified":"2025-12-05T17:04:16+00:00","breadcrumb":{"@id":"https:\/\/lasmuns.com\/de\/wer-wir-sind\/#breadcrumb"},"inLanguage":"de","potentialAction":[{"@type":"ReadAction","target":["https:\/\/lasmuns.com\/de\/wer-wir-sind\/"]}]},{"@type":"BreadcrumbList","@id":"https:\/\/lasmuns.com\/de\/wer-wir-sind\/#breadcrumb","itemListElement":[{"@type":"ListItem","position":1,"name":"Portada","item":"https:\/\/lasmuns.com\/de\/"},{"@type":"ListItem","position":2,"name":"Wer wir sind"}]},{"@type":"WebSite","@id":"https:\/\/lasmuns.com\/de\/#website","url":"https:\/\/lasmuns.com\/de\/","name":"Las Muns","description":"The &#039;Heart-Made&#039; Empanada","publisher":{"@id":"https:\/\/lasmuns.com\/de\/#organization"},"potentialAction":[{"@type":"SearchAction","target":{"@type":"EntryPoint","urlTemplate":"https:\/\/lasmuns.com\/de\/?s={search_term_string}"},"query-input":{"@type":"PropertyValueSpecification","valueRequired":true,"valueName":"search_term_string"}}],"inLanguage":"de"},{"@type":"Organization","@id":"https:\/\/lasmuns.com\/de\/#organization","name":"Las Muns","url":"https:\/\/lasmuns.com\/de\/","logo":{"@type":"ImageObject","inLanguage":"de","@id":"https:\/\/lasmuns.com\/de\/#\/schema\/logo\/image\/","url":"https:\/\/lasmuns.com\/wp-content\/uploads\/2022\/06\/isologo-slogan2.svg","contentUrl":"https:\/\/lasmuns.com\/wp-content\/uploads\/2022\/06\/isologo-slogan2.svg","width":"1024","height":"1024","caption":"Las Muns"},"image":{"@id":"https:\/\/lasmuns.com\/de\/#\/schema\/logo\/image\/"},"sameAs":["https:\/\/www.instagram.com\/lasmuns"]}]}},"_links":{"self":[{"href":"https:\/\/lasmuns.com\/de\/wp-json\/wp\/v2\/pages\/5905","targetHints":{"allow":["GET"]}}],"collection":[{"href":"https:\/\/lasmuns.com\/de\/wp-json\/wp\/v2\/pages"}],"about":[{"href":"https:\/\/lasmuns.com\/de\/wp-json\/wp\/v2\/types\/page"}],"author":[{"embeddable":true,"href":"https:\/\/lasmuns.com\/de\/wp-json\/wp\/v2\/users\/3"}],"replies":[{"embeddable":true,"href":"https:\/\/lasmuns.com\/de\/wp-json\/wp\/v2\/comments?post=5905"}],"version-history":[{"count":5,"href":"https:\/\/lasmuns.com\/de\/wp-json\/wp\/v2\/pages\/5905\/revisions"}],"predecessor-version":[{"id":6216,"href":"https:\/\/lasmuns.com\/de\/wp-json\/wp\/v2\/pages\/5905\/revisions\/6216"}],"wp:attachment":[{"href":"https:\/\/lasmuns.com\/de\/wp-json\/wp\/v2\/media?parent=5905"}],"curies":[{"name":"wp","href":"https:\/\/api.w.org\/{rel}","templated":true}]}}