{"id":3326,"date":"2023-11-04T08:40:58","date_gmt":"2023-11-04T07:40:58","guid":{"rendered":"https:\/\/lasmuns.com\/?page_id=3326"},"modified":"2025-09-18T15:17:34","modified_gmt":"2025-09-18T13:17:34","slug":"obre-la-teva-franquicia-3","status":"publish","type":"page","link":"https:\/\/lasmuns.com\/ca\/obre-la-teva-franquicia-3\/","title":{"rendered":"Obre la teva franqu\u00edcia"},"content":{"rendered":"<!-- template --><div class=\"bcblq bcblq-full-image-text bcblq-opc--derecha\" style=\"margin-top:50px;margin-bottom:50px;\"><div class=\"container-fluid\" style=\"background-image:url(https:\/\/lasmuns.com\/wp-content\/uploads\/2023\/12\/Captura-de-pantalla-2023-12-28-a-las-15.56.18.png)\"><div class=\"row\"><div class=\"col\"><div class=\"bcblq-full-image-text-imagen\" ><div class=\"bcblq-full-image-text-caja\" style=\"background-color:#FFF;\"><h2 style=\"color:primary: Primario;\">Franqu\u00edcies Les Muns <\/h2><p style=\"color:primary: Primario;\">Uneix-te a la marca d&#8217;empanades m\u00e9s exitosa d&#8217;Europa!<\/p><\/div><\/div><\/div><\/div><\/div><\/div><!-- \/template -->\n\n\n<div style=\"height:50px\" aria-hidden=\"true\" class=\"wp-block-spacer\"><\/div>\n\n\n\n<div class=\"wp-block-columns is-not-stacked-on-mobile is-layout-flex wp-container-core-columns-is-layout-9d6595d7 wp-block-columns-is-layout-flex\">\n<div class=\"wp-block-column is-layout-flow wp-block-column-is-layout-flow\" style=\"flex-basis:5%\">\n<div style=\"height:100px\" aria-hidden=\"true\" class=\"wp-block-spacer\"><\/div>\n<\/div>\n\n\n\n<div class=\"wp-block-column is-vertically-aligned-top is-layout-flow wp-block-column-is-layout-flow\" style=\"flex-basis:60%\">\n<h3 class=\"wp-block-heading has-text-color\" style=\"color:#958569\">Us donem la benvinguda a Les Muns,<\/h3>\n\n\n\n<p class=\"has-text-color\" style=\"color:#958569\">Les millors empanades del m\u00f3n! Estem creixent i volem que ens acompanyeu en aquest viatge. Ens interessen franquiciats que comparteixin la nostra filosofia i que tinguin experi\u00e8ncia en gesti\u00f3 d&#8217;empreses perqu\u00e8, junts, puguem portar la marca a tota Espanya (i Europa!).<\/p>\n<\/div>\n<\/div>\n\n\n\n<div style=\"height:50px\" aria-hidden=\"true\" class=\"wp-block-spacer\"><\/div>\n\n\n\n<div class=\"wp-block-group is-content-justification-center is-nowrap is-layout-flex wp-container-core-group-is-layout-94bc23d7 wp-block-group-is-layout-flex\">\n<p class=\"wp-block-typeform-embed-plugin\"><button data-tf-slider=\"eCXrd9o1\" data-tf-medium=\"embed-wordpress\" data-tf-opacity=\"100\" data-tf-width=\"100%\" data-tf-auto-close=\"1000\" data-tf-position=\"right\" style=\"all:unset;font-family:Helvetica,Arial,sans-serif;display:inline-block;max-width:100%;white-space:nowrap;overflow:hidden;text-overflow:ellipsis;background-color:#628d06;color:#ffffff;font-size:20px;border-radius:5px;padding:0 33px;font-weight:bold;height:50px;cursor:pointer;line-height:50px;text-align:center;margin:0;text-decoration:none\">COMPLETA EL FORMULARI<\/button><script src=\"\/\/embed.typeform.com\/next\/embed.js\"><\/script><\/p>\n<\/div>\n\n\n<!-- template bcblq-half-image-text --><div class=\"bcblq bcblq-half-image-text   contenedor__full-width with-custom-margins\" style=\"margin-top:50px;margin-bottom:50px;\"><div class=\"container-fluid\" style=\"background-color:transparent\"><div class=\"row bcblq-opc--imagen-izquierda\"><div class=\"col-20 col-md-12 bcblq-half-image-text-cont-imagen\"><div class=\"bcblq-half-image-text-borde\" style=\"background-color:#798059!important\"><\/div><a href=\"\"><figure class=\"bcblq-half-image-text-imagen\"><img loading=\"lazy\" decoding=\"async\" width=\"1024\" height=\"659\" src=\"https:\/\/lasmuns.com\/wp-content\/uploads\/2022\/07\/IMG_1630-1024x659.png\" class=\"attachment-large size-large\" alt=\"las muns comida para llevar empanadas de colores take away ronda universitat barcelona\" srcset=\"https:\/\/lasmuns.com\/wp-content\/uploads\/2022\/07\/IMG_1630-1024x659.png 1024w, https:\/\/lasmuns.com\/wp-content\/uploads\/2022\/07\/IMG_1630-300x193.png 300w, https:\/\/lasmuns.com\/wp-content\/uploads\/2022\/07\/IMG_1630-768x494.png 768w, https:\/\/lasmuns.com\/wp-content\/uploads\/2022\/07\/IMG_1630-1536x989.png 1536w, https:\/\/lasmuns.com\/wp-content\/uploads\/2022\/07\/IMG_1630.png 1771w\" sizes=\"auto, (max-width: 1024px) 100vw, 1024px\" \/><\/figure><\/a><\/div><div class=\"col bcblq-half-image-text-cont-texto\"><div class=\"bcblq-half-image-text-contenido\"><h2 class=\"bcblq-half-image-text-titulo\">Per qu\u00e8 Las Muns? <\/h2><div class=\"bcblq-half-image-text-texto\">Som experts en empanades. Vam inaugurar el nostre primer local el 2013 i en tan sols 8 anys hem obert 25 establiments. Hem dissenyat un sistema que garanteix que a cada client li arribi el &#8220;cor&#8221; que portem a cada muns.<br \/>\r\n<br \/>\r\nHem reinventat l&#8217;empanada millorant cada element perqu\u00e8 els nostres clients tinguin una experi\u00e8ncia excepcional, des del producte fins al servei.<br \/>\r\n<\/div><\/div><\/div><\/div><\/div><\/div><!-- \/template -->\n\n<!-- template bcblq-bullets-list --><div class=\"bcblq bcblq-bullets-list\" ><div class=\"container-fluid\"><div class=\"container\" ><div class=\"row justify-content-center\"><div class=\"col-20\"><div class=\"bcblq-bullets-list-title\"><h2>Coneix les avantatges d&#8217;obrir una franqu\u00edcia de Las Muns:<\/h2><\/div><\/div><\/div><div class=\"bcblq-bullets-list-wrapper\"><div class=\"bcblq-bullets-list-list\"><div class=\"bcblq-bullets-list-item\"><div class=\"bcblq-bullets-list-item-foto\"><\/div><div class=\"bcblq-bullets-list-item-detalle\"><div class=\"bcblq-bullets-list-item-titulo\"><h3>Qualitat i capacitat assegurada <\/h3><\/div><div class=\"bcblq-bullets-list-item-texto\"><p>Nom\u00e9s utilitzem mat\u00e8ria primera de primera qualitat, personalment seleccionada per un dels nostres fundadors, juntament amb alts est\u00e0ndards de qualitat durant tot el proc\u00e9s. El nostre obrador central t\u00e9 la capacitat de producci\u00f3 per cobrir una extensa demanda i les caracter\u00edstiques del producte permeten servir les muns en un dia a qualsevol part de la pen\u00ednsula ib\u00e8rica.<\/p><\/div><\/div><\/div><div class=\"bcblq-bullets-list-item\"><div class=\"bcblq-bullets-list-item-foto\"><img loading=\"lazy\" decoding=\"async\" width=\"254\" height=\"254\" src=\"https:\/\/lasmuns.com\/wp-content\/uploads\/2022\/07\/Left@2x.png\" class=\"attachment-medium size-medium\" alt=\"\" srcset=\"https:\/\/lasmuns.com\/wp-content\/uploads\/2022\/07\/Left@2x.png 254w, https:\/\/lasmuns.com\/wp-content\/uploads\/2022\/07\/Left@2x-150x150.png 150w\" sizes=\"auto, (max-width: 254px) 100vw, 254px\" \/><\/div><div class=\"bcblq-bullets-list-item-detalle\"><div class=\"bcblq-bullets-list-item-titulo\"><h3>Operaci\u00f3 claus en m\u00e0<\/h3><\/div><div class=\"bcblq-bullets-list-item-texto\"><p>El nostre equip et recolzer\u00e0 en el proc\u00e9s de disseny i construcci\u00f3 del local. Et proporcionarem tota l\u2019informaci\u00f3 necess\u00e0ria per dur endavant els nostres locals i et recolzarem amb comunicaci\u00f3 i m\u00e0rqueting en l&#8217;obertura del teu local.<\/p><\/div><\/div><\/div><div class=\"bcblq-bullets-list-item\"><div class=\"bcblq-bullets-list-item-foto\"><img loading=\"lazy\" decoding=\"async\" width=\"254\" height=\"254\" src=\"https:\/\/lasmuns.com\/wp-content\/uploads\/2022\/07\/Left@2x-1.png\" class=\"attachment-medium size-medium\" alt=\"\" srcset=\"https:\/\/lasmuns.com\/wp-content\/uploads\/2022\/07\/Left@2x-1.png 254w, https:\/\/lasmuns.com\/wp-content\/uploads\/2022\/07\/Left@2x-1-150x150.png 150w\" sizes=\"auto, (max-width: 254px) 100vw, 254px\" \/><\/div><div class=\"bcblq-bullets-list-item-detalle\"><div class=\"bcblq-bullets-list-item-titulo\"><h3>Inversi\u00f3 redu\u00efda sense despeses addicionals<\/h3><\/div><div class=\"bcblq-bullets-list-item-texto\"><p>Els nostres locals nom\u00e9s necessiten 35m2, i no necessiten sortida de fums! Aix\u00f2 facilita les possibilitats i una millor ubicaci\u00f3.<\/p><\/div><\/div><\/div><div class=\"bcblq-bullets-list-item\"><div class=\"bcblq-bullets-list-item-foto\"><img loading=\"lazy\" decoding=\"async\" width=\"254\" height=\"254\" src=\"https:\/\/lasmuns.com\/wp-content\/uploads\/2022\/07\/Iconos@2x.png\" class=\"attachment-medium size-medium\" alt=\"\" srcset=\"https:\/\/lasmuns.com\/wp-content\/uploads\/2022\/07\/Iconos@2x.png 254w, https:\/\/lasmuns.com\/wp-content\/uploads\/2022\/07\/Iconos@2x-150x150.png 150w\" sizes=\"auto, (max-width: 254px) 100vw, 254px\" \/><\/div><div class=\"bcblq-bullets-list-item-detalle\"><div class=\"bcblq-bullets-list-item-titulo\"><h3>Suport i formaci\u00f3<\/h3><\/div><div class=\"bcblq-bullets-list-item-texto\"><p>Creiem que la formaci\u00f3 \u00e9s de vital import\u00e0ncia, per aix\u00f2 compartim amb els nostres franquiciats tots els nostres processos, cultura de servei, sistema d&#8217;informaci\u00f3, manipulaci\u00f3 del producte i operacions a botiga.<br \/>\r\n<\/p><\/div><\/div><\/div><\/div><\/div><\/div><\/div><\/div><!-- \/template bcblq-bullets-list -->\n\n<!-- Debug Info:\n    Block ID: block_62b3143f94c05\n    Current Language: ca\n    Field Suffix: _ca\n    Titulo Direct: Franqu\u00edcies des de 80.000\u20ac d&#039;inversi\u00f3\n    Titulo Lang: \n    Final Titulo: Franqu\u00edcies des de 80.000\u20ac d&#039;inversi\u00f3\n    Copete Direct: \n    Copete Lang: \n    Final Copete: \n    --><!-- template bcblq-banner-tipografico --><div class=\"bcblq bcblq-banner-tipografico   alto-chato contenedor__full-width usa-fondo\" ><div class=\"container-fluid\" style=\"background-color:#798059;background-repeat: repeat; background-size: auto;background-image:url(https:\/\/lasmuns.com\/wp-content\/uploads\/2022\/06\/pattern-original-150x150-1.png);background-image:linear-gradient(rgba(121,128,89,0.9), rgba(121,128,89,0.9)),url(https:\/\/lasmuns.com\/wp-content\/uploads\/2022\/06\/pattern-original-150x150-1.png)\"><div class=\"row justify-content-center\"><div class=\"col-20\"><div class=\"bcblq-banner-tipografico-title\"><h2 class=\"text-light\">Franqu\u00edcies des de 80.000\u20ac d&#8217;inversi\u00f3<\/h2><!-- Empty Copete --><\/div><\/div><\/div><\/div><\/div><!-- \/template bcblq-banner-tipografico -->\n\n\n<div class=\"wp-block-columns is-layout-flex wp-container-core-columns-is-layout-9d6595d7 wp-block-columns-is-layout-flex\">\n<div class=\"wp-block-column is-vertically-aligned-center is-layout-flow wp-block-column-is-layout-flow\" style=\"flex-basis:100%\">\n<div style=\"height:50px\" aria-hidden=\"true\" class=\"wp-block-spacer\"><\/div>\n\n\n\n<div class=\"wp-block-group is-content-justification-center is-nowrap is-layout-flex wp-container-core-group-is-layout-94bc23d7 wp-block-group-is-layout-flex\">\n<p class=\"wp-block-typeform-embed-plugin\"><button data-tf-slider=\"eCXrd9o1\" data-tf-medium=\"embed-wordpress\" data-tf-opacity=\"100\" data-tf-width=\"100%\" data-tf-auto-close=\"1000\" data-tf-position=\"right\" style=\"all:unset;font-family:Helvetica,Arial,sans-serif;display:inline-block;max-width:100%;white-space:nowrap;overflow:hidden;text-overflow:ellipsis;background-color:#628d06;color:#ffffff;font-size:20px;border-radius:5px;padding:0 33px;font-weight:bold;height:50px;cursor:pointer;line-height:50px;text-align:center;margin:0;text-decoration:none\">COMPLETA EL FORMULARI<\/button><script src=\"\/\/embed.typeform.com\/next\/embed.js\"><\/script><\/p>\n<\/div>\n<\/div>\n<\/div>\n\n\n<!-- template bcblq-half-image-text --><div class=\"bcblq bcblq-half-image-text   contenedor__full-width with-custom-margins\" style=\"margin-top:50px;margin-bottom:50px;\"><div class=\"container-fluid\" style=\"background-color:transparent\"><div class=\"row bcblq-opc--imagen-derecha\"><div class=\"col-20 col-md-12 bcblq-half-image-text-cont-imagen\"><div class=\"bcblq-half-image-text-borde\" style=\"background-color:#eae7e1!important\"><\/div><a href=\"\"><figure class=\"bcblq-half-image-text-imagen\"><img loading=\"lazy\" decoding=\"async\" width=\"1024\" height=\"482\" src=\"https:\/\/lasmuns.com\/wp-content\/uploads\/2022\/07\/Plaza-Molina-01-1024x482.png\" class=\"attachment-large size-large\" alt=\"las muns comida para llevar empanadas de colores take away plaza molina barcelona\" srcset=\"https:\/\/lasmuns.com\/wp-content\/uploads\/2022\/07\/Plaza-Molina-01-1024x482.png 1024w, https:\/\/lasmuns.com\/wp-content\/uploads\/2022\/07\/Plaza-Molina-01-300x141.png 300w, https:\/\/lasmuns.com\/wp-content\/uploads\/2022\/07\/Plaza-Molina-01-768x361.png 768w, https:\/\/lasmuns.com\/wp-content\/uploads\/2022\/07\/Plaza-Molina-01-1536x722.png 1536w, https:\/\/lasmuns.com\/wp-content\/uploads\/2022\/07\/Plaza-Molina-01.png 1799w\" sizes=\"auto, (max-width: 1024px) 100vw, 1024px\" \/><\/figure><\/a><\/div><div class=\"col bcblq-half-image-text-cont-texto\"><div class=\"bcblq-half-image-text-contenido\"><div class=\"bcblq-half-image-text-titulo_decorativo\">BUSQUEM<\/div><h2 class=\"bcblq-half-image-text-titulo\">Perfil del franquiciat<\/h2><h4 class=\"bcblq-half-image-text-subtitulo\">Buscamos<\/h4><div class=\"bcblq-half-image-text-texto\">empresarios con capacidad de abrir entre 3 y 10 locales en el plazo de 3 a\u00f1os.<br \/>\r\n<br \/>\r\nBusquem empresaris amb capacitat d&#8217;obrir entre 3 i 10 locals en un termini de 3 anys.<br \/>\r\nCiutats, capitals de prov\u00edncia o zones tur\u00edstiques amb una poblaci\u00f3 en l&#8217;\u00e0rea d&#8217;influ\u00e8ncia superior a 100.000 habitants.<\/div><\/div><\/div><\/div><\/div><\/div><!-- \/template -->\n\n<!-- template bcblq-bullets-columns --><div class=\"bcblq bcblq-bullets-columns\" style=\"margin-top:100px;margin-bottom:5 0px;\"><div class=\"container-fluid\"><div class=\"container\" ><div class=\"row justify-content-center\"><div class=\"col-20\"><div class=\"bcblq-bullets-columns-title\"><h2>El teu negoci en pocs passos!<\/h2><\/div><\/div><\/div><div class=\"bcblq-bullets-columns-wrapper\"><div class=\"bcblq-bullets-columns-list\"><div class=\"bcblq-bullets-columns-item\"><div class=\"bcblq-bullets-columns-item-foto\"><img loading=\"lazy\" decoding=\"async\" width=\"255\" height=\"254\" src=\"https:\/\/lasmuns.com\/wp-content\/uploads\/2022\/07\/Up@2x-1.png\" class=\"attachment-medium size-medium\" alt=\"\" srcset=\"https:\/\/lasmuns.com\/wp-content\/uploads\/2022\/07\/Up@2x-1.png 255w, https:\/\/lasmuns.com\/wp-content\/uploads\/2022\/07\/Up@2x-1-150x150.png 150w\" sizes=\"auto, (max-width: 255px) 100vw, 255px\" \/><\/div><div class=\"bcblq-bullets-columns-item-detalle\"><div class=\"bcblq-bullets-columns-item-titulo\"><h3>Informaci\u00f3 i an\u00e0lisi del perfil<\/h3><\/div><div class=\"bcblq-bullets-columns-item-texto\"><p>Completa el formulari a la nostra p\u00e0gina web i una persona del nostre equip contactar\u00e0 amb tu per con\u00e8ixer-te millor i confirmar que tens el perfil adequat.<\/p><\/div><\/div><\/div><div class=\"bcblq-bullets-columns-item\"><div class=\"bcblq-bullets-columns-item-foto\"><img loading=\"lazy\" decoding=\"async\" width=\"254\" height=\"254\" src=\"https:\/\/lasmuns.com\/wp-content\/uploads\/2022\/07\/Up@2x.png\" class=\"attachment-medium size-medium\" alt=\"\" srcset=\"https:\/\/lasmuns.com\/wp-content\/uploads\/2022\/07\/Up@2x.png 254w, https:\/\/lasmuns.com\/wp-content\/uploads\/2022\/07\/Up@2x-150x150.png 150w\" sizes=\"auto, (max-width: 254px) 100vw, 254px\" \/><\/div><div class=\"bcblq-bullets-columns-item-detalle\"><div class=\"bcblq-bullets-columns-item-titulo\"><h3>Primera reuni\u00f3 i visita a la botiga <\/h3><\/div><div class=\"bcblq-bullets-columns-item-texto\"><p>Coordinarem una primera reuni\u00f3 a les nostres oficines i, en cas d&#8217;estar d&#8217;acord, definirem els seg\u00fcents passos.<\/p><\/div><\/div><\/div><div class=\"bcblq-bullets-columns-item\"><div class=\"bcblq-bullets-columns-item-foto\"><img loading=\"lazy\" decoding=\"async\" width=\"255\" height=\"254\" src=\"https:\/\/lasmuns.com\/wp-content\/uploads\/2022\/07\/Up@2x-2.png\" class=\"attachment-medium size-medium\" alt=\"\" srcset=\"https:\/\/lasmuns.com\/wp-content\/uploads\/2022\/07\/Up@2x-2.png 255w, https:\/\/lasmuns.com\/wp-content\/uploads\/2022\/07\/Up@2x-2-150x150.png 150w\" sizes=\"auto, (max-width: 255px) 100vw, 255px\" \/><\/div><div class=\"bcblq-bullets-columns-item-detalle\"><div class=\"bcblq-bullets-columns-item-titulo\"><h3>Reuni\u00f3 final<\/h3><\/div><div class=\"bcblq-bullets-columns-item-texto\"><p>Signem el contracte i comencem el proc\u00e9s de suport i formaci\u00f3 per assegurar-nos que l&#8217;obertura sigui tot un \u00e8xit!<\/p><\/div><\/div><\/div><\/div><\/div><\/div><\/div><\/div><!-- \/template bcblq-bullets-columns -->\n\n\n<hr class=\"wp-block-separator has-text-color has-cyan-bluish-gray-color has-alpha-channel-opacity has-cyan-bluish-gray-background-color has-background is-style-default\"\/>\n\n\n\n<div style=\"height:50px\" aria-hidden=\"true\" class=\"wp-block-spacer\"><\/div>\n\n\n\n<div class=\"wp-block-columns is-layout-flex wp-container-core-columns-is-layout-9d6595d7 wp-block-columns-is-layout-flex\">\n<div class=\"wp-block-column is-vertically-aligned-center is-layout-flow wp-block-column-is-layout-flow\" style=\"flex-basis:100%\">\n<div class=\"wp-block-group is-content-justification-center is-nowrap is-layout-flex wp-container-core-group-is-layout-94bc23d7 wp-block-group-is-layout-flex\">\n<p class=\"wp-block-typeform-embed-plugin\"><button data-tf-slider=\"eCXrd9o1\" data-tf-medium=\"embed-wordpress\" data-tf-opacity=\"100\" data-tf-width=\"100%\" data-tf-auto-close=\"1000\" data-tf-position=\"right\" style=\"all:unset;font-family:Helvetica,Arial,sans-serif;display:inline-block;max-width:100%;white-space:nowrap;overflow:hidden;text-overflow:ellipsis;background-color:#628d06;color:#ffffff;font-size:20px;border-radius:5px;padding:0 33px;font-weight:bold;height:50px;cursor:pointer;line-height:50px;text-align:center;margin:0;text-decoration:none\">COMPLETA EL FORMULARI<\/button><script src=\"\/\/embed.typeform.com\/next\/embed.js\"><\/script><\/p>\n<\/div>\n<\/div>\n<\/div>\n\n\n\n<div style=\"height:100px\" aria-hidden=\"true\" class=\"wp-block-spacer\"><\/div>\n","protected":false},"excerpt":{"rendered":"<p>Us donem la benvinguda a Les Muns, Les millors empanades del m\u00f3n! Estem creixent i volem que ens acompanyeu en aquest viatge. Ens interessen franquiciats que comparteixin la nostra filosofia i que tinguin experi\u00e8ncia en gesti\u00f3 d&#8217;empreses perqu\u00e8, junts, puguem portar la marca a tota Espanya (i Europa!).<\/p>\n","protected":false},"author":3,"featured_media":0,"parent":0,"menu_order":0,"comment_status":"closed","ping_status":"closed","template":"","meta":{"_acf_changed":false,"inline_featured_image":false,"footnotes":""},"class_list":["post-3326","page","type-page","status-publish","hentry"],"acf":[],"yoast_head":"<!-- This site is optimized with the Yoast SEO plugin v26.3 - https:\/\/yoast.com\/wordpress\/plugins\/seo\/ -->\n<title>Obre la teva franqu\u00edcia - Las Muns<\/title>\n<meta name=\"robots\" content=\"index, follow, max-snippet:-1, max-image-preview:large, max-video-preview:-1\" \/>\n<link rel=\"canonical\" href=\"https:\/\/lasmuns.com\/ca\/obre-la-teva-franquicia-3\/\" \/>\n<meta property=\"og:locale\" content=\"ca_ES\" \/>\n<meta property=\"og:type\" content=\"article\" \/>\n<meta property=\"og:title\" content=\"Obre la teva franqu\u00edcia - Las Muns\" \/>\n<meta property=\"og:description\" content=\"Us donem la benvinguda a Les Muns, Les millors empanades del m\u00f3n! Estem creixent i volem que ens acompanyeu en aquest viatge. Ens interessen franquiciats que comparteixin la nostra filosofia i que tinguin experi\u00e8ncia en gesti\u00f3 d&#8217;empreses perqu\u00e8, junts, puguem portar la marca a tota Espanya (i Europa!).\" \/>\n<meta property=\"og:url\" content=\"https:\/\/lasmuns.com\/ca\/obre-la-teva-franquicia-3\/\" \/>\n<meta property=\"og:site_name\" content=\"Las Muns\" \/>\n<meta property=\"article:modified_time\" content=\"2025-09-18T13:17:34+00:00\" \/>\n<meta name=\"twitter:card\" content=\"summary_large_image\" \/>\n<meta name=\"twitter:label1\" content=\"Temps estimat de lectura\" \/>\n\t<meta name=\"twitter:data1\" content=\"1 minut\" \/>\n<script type=\"application\/ld+json\" class=\"yoast-schema-graph\">{\"@context\":\"https:\/\/schema.org\",\"@graph\":[{\"@type\":\"WebPage\",\"@id\":\"https:\/\/lasmuns.com\/ca\/obre-la-teva-franquicia-3\/\",\"url\":\"https:\/\/lasmuns.com\/ca\/obre-la-teva-franquicia-3\/\",\"name\":\"Obre la teva franqu\u00edcia - Las Muns\",\"isPartOf\":{\"@id\":\"https:\/\/lasmuns.com\/ca\/#website\"},\"datePublished\":\"2023-11-04T07:40:58+00:00\",\"dateModified\":\"2025-09-18T13:17:34+00:00\",\"breadcrumb\":{\"@id\":\"https:\/\/lasmuns.com\/ca\/obre-la-teva-franquicia-3\/#breadcrumb\"},\"inLanguage\":\"ca\",\"potentialAction\":[{\"@type\":\"ReadAction\",\"target\":[\"https:\/\/lasmuns.com\/ca\/obre-la-teva-franquicia-3\/\"]}]},{\"@type\":\"BreadcrumbList\",\"@id\":\"https:\/\/lasmuns.com\/ca\/obre-la-teva-franquicia-3\/#breadcrumb\",\"itemListElement\":[{\"@type\":\"ListItem\",\"position\":1,\"name\":\"Portada\",\"item\":\"https:\/\/lasmuns.com\/ca\/pagina-ejemplo\/\"},{\"@type\":\"ListItem\",\"position\":2,\"name\":\"Obre la teva franqu\u00edcia\"}]},{\"@type\":\"WebSite\",\"@id\":\"https:\/\/lasmuns.com\/ca\/#website\",\"url\":\"https:\/\/lasmuns.com\/ca\/\",\"name\":\"Las Muns\",\"description\":\"The &#039;Heart-Made&#039; Empanada\",\"publisher\":{\"@id\":\"https:\/\/lasmuns.com\/ca\/#organization\"},\"potentialAction\":[{\"@type\":\"SearchAction\",\"target\":{\"@type\":\"EntryPoint\",\"urlTemplate\":\"https:\/\/lasmuns.com\/ca\/?s={search_term_string}\"},\"query-input\":{\"@type\":\"PropertyValueSpecification\",\"valueRequired\":true,\"valueName\":\"search_term_string\"}}],\"inLanguage\":\"ca\"},{\"@type\":\"Organization\",\"@id\":\"https:\/\/lasmuns.com\/ca\/#organization\",\"name\":\"Las Muns\",\"url\":\"https:\/\/lasmuns.com\/ca\/\",\"logo\":{\"@type\":\"ImageObject\",\"inLanguage\":\"ca\",\"@id\":\"https:\/\/lasmuns.com\/ca\/#\/schema\/logo\/image\/\",\"url\":\"https:\/\/lasmuns.com\/wp-content\/uploads\/2022\/06\/isologo-slogan2.svg\",\"contentUrl\":\"https:\/\/lasmuns.com\/wp-content\/uploads\/2022\/06\/isologo-slogan2.svg\",\"width\":\"1024\",\"height\":\"1024\",\"caption\":\"Las Muns\"},\"image\":{\"@id\":\"https:\/\/lasmuns.com\/ca\/#\/schema\/logo\/image\/\"},\"sameAs\":[\"https:\/\/www.instagram.com\/lasmuns\"]}]}<\/script>\n<!-- \/ Yoast SEO plugin. -->","yoast_head_json":{"title":"Obre la teva franqu\u00edcia - Las Muns","robots":{"index":"index","follow":"follow","max-snippet":"max-snippet:-1","max-image-preview":"max-image-preview:large","max-video-preview":"max-video-preview:-1"},"canonical":"https:\/\/lasmuns.com\/ca\/obre-la-teva-franquicia-3\/","og_locale":"ca_ES","og_type":"article","og_title":"Obre la teva franqu\u00edcia - Las Muns","og_description":"Us donem la benvinguda a Les Muns, Les millors empanades del m\u00f3n! Estem creixent i volem que ens acompanyeu en aquest viatge. Ens interessen franquiciats que comparteixin la nostra filosofia i que tinguin experi\u00e8ncia en gesti\u00f3 d&#8217;empreses perqu\u00e8, junts, puguem portar la marca a tota Espanya (i Europa!).","og_url":"https:\/\/lasmuns.com\/ca\/obre-la-teva-franquicia-3\/","og_site_name":"Las Muns","article_modified_time":"2025-09-18T13:17:34+00:00","twitter_card":"summary_large_image","twitter_misc":{"Temps estimat de lectura":"1 minut"},"schema":{"@context":"https:\/\/schema.org","@graph":[{"@type":"WebPage","@id":"https:\/\/lasmuns.com\/ca\/obre-la-teva-franquicia-3\/","url":"https:\/\/lasmuns.com\/ca\/obre-la-teva-franquicia-3\/","name":"Obre la teva franqu\u00edcia - Las Muns","isPartOf":{"@id":"https:\/\/lasmuns.com\/ca\/#website"},"datePublished":"2023-11-04T07:40:58+00:00","dateModified":"2025-09-18T13:17:34+00:00","breadcrumb":{"@id":"https:\/\/lasmuns.com\/ca\/obre-la-teva-franquicia-3\/#breadcrumb"},"inLanguage":"ca","potentialAction":[{"@type":"ReadAction","target":["https:\/\/lasmuns.com\/ca\/obre-la-teva-franquicia-3\/"]}]},{"@type":"BreadcrumbList","@id":"https:\/\/lasmuns.com\/ca\/obre-la-teva-franquicia-3\/#breadcrumb","itemListElement":[{"@type":"ListItem","position":1,"name":"Portada","item":"https:\/\/lasmuns.com\/ca\/pagina-ejemplo\/"},{"@type":"ListItem","position":2,"name":"Obre la teva franqu\u00edcia"}]},{"@type":"WebSite","@id":"https:\/\/lasmuns.com\/ca\/#website","url":"https:\/\/lasmuns.com\/ca\/","name":"Las Muns","description":"The &#039;Heart-Made&#039; Empanada","publisher":{"@id":"https:\/\/lasmuns.com\/ca\/#organization"},"potentialAction":[{"@type":"SearchAction","target":{"@type":"EntryPoint","urlTemplate":"https:\/\/lasmuns.com\/ca\/?s={search_term_string}"},"query-input":{"@type":"PropertyValueSpecification","valueRequired":true,"valueName":"search_term_string"}}],"inLanguage":"ca"},{"@type":"Organization","@id":"https:\/\/lasmuns.com\/ca\/#organization","name":"Las Muns","url":"https:\/\/lasmuns.com\/ca\/","logo":{"@type":"ImageObject","inLanguage":"ca","@id":"https:\/\/lasmuns.com\/ca\/#\/schema\/logo\/image\/","url":"https:\/\/lasmuns.com\/wp-content\/uploads\/2022\/06\/isologo-slogan2.svg","contentUrl":"https:\/\/lasmuns.com\/wp-content\/uploads\/2022\/06\/isologo-slogan2.svg","width":"1024","height":"1024","caption":"Las Muns"},"image":{"@id":"https:\/\/lasmuns.com\/ca\/#\/schema\/logo\/image\/"},"sameAs":["https:\/\/www.instagram.com\/lasmuns"]}]}},"_links":{"self":[{"href":"https:\/\/lasmuns.com\/ca\/wp-json\/wp\/v2\/pages\/3326","targetHints":{"allow":["GET"]}}],"collection":[{"href":"https:\/\/lasmuns.com\/ca\/wp-json\/wp\/v2\/pages"}],"about":[{"href":"https:\/\/lasmuns.com\/ca\/wp-json\/wp\/v2\/types\/page"}],"author":[{"embeddable":true,"href":"https:\/\/lasmuns.com\/ca\/wp-json\/wp\/v2\/users\/3"}],"replies":[{"embeddable":true,"href":"https:\/\/lasmuns.com\/ca\/wp-json\/wp\/v2\/comments?post=3326"}],"version-history":[{"count":3,"href":"https:\/\/lasmuns.com\/ca\/wp-json\/wp\/v2\/pages\/3326\/revisions"}],"predecessor-version":[{"id":5732,"href":"https:\/\/lasmuns.com\/ca\/wp-json\/wp\/v2\/pages\/3326\/revisions\/5732"}],"wp:attachment":[{"href":"https:\/\/lasmuns.com\/ca\/wp-json\/wp\/v2\/media?parent=3326"}],"curies":[{"name":"wp","href":"https:\/\/api.w.org\/{rel}","templated":true}]}}